{"id":2036,"date":"2026-01-10T14:51:03","date_gmt":"2026-01-10T13:51:03","guid":{"rendered":"https:\/\/website.kommev.de\/?page_id=2036"},"modified":"2026-01-16T14:54:24","modified_gmt":"2026-01-16T13:54:24","slug":"betriebsrat-neu","status":"publish","type":"page","link":"https:\/\/website.kommev.de\/?page_id=2036","title":{"rendered":"Betriebsrat"},"content":{"rendered":"\n<div data-aos= \"flip-down\" data-aos-duration=\"400\" data-aos-delay=\"0\" data-aos-easing=\"ease\" data-aos-once=\"true\" class=\"wp-block-uagb-container uagb-block-zgnwtgoa alignfull uagb-is-root-container\"><div class=\"uagb-container-inner-blocks-wrap\">\n<div class=\"wp-block-uagb-image alignleft uagb-block-h7xve9uu wp-block-uagb-image--layout-default wp-block-uagb-image--effect-static wp-block-uagb-image--align-left\"><figure class=\"wp-block-uagb-image__figure\"><img decoding=\"async\" srcset=\"https:\/\/website.kommev.de\/wp-content\/uploads\/Betriebsrat.png ,https:\/\/website.kommev.de\/wp-content\/uploads\/Betriebsrat.png 780w, https:\/\/website.kommev.de\/wp-content\/uploads\/Betriebsrat.png 360w\" sizes=\"auto, (max-width: 480px) 150px\" src=\"https:\/\/website.kommev.de\/wp-content\/uploads\/Betriebsrat.png\" alt=\"\" class=\"uag-image-2039\" width=\"600\" height=\"500\" title=\"Betriebsrat\" loading=\"lazy\" role=\"img\"\/><\/figure><\/div>\n\n\n\n<div class=\"wp-block-uagb-container uagb-block-viv1oj0x\">\n<div class=\"wp-block-uagb-info-box uagb-block-3x8davew uagb-infobox__content-wrap  uagb-infobox-icon-above-title uagb-infobox-image-valign-top\"><div class=\"uagb-ifb-content\"><div class=\"uagb-ifb-title-wrap\"><p class=\"uagb-ifb-title-prefix\">wir vertreten die interessen aller besch\u00e4ftigten<\/p><h1 class=\"uagb-ifb-title\">Betriebsrat <\/h1><\/div><p class=\"uagb-ifb-desc\">Kommt gerne zu unseren Sprechzeiten,\u00a0<strong>dienstags von 13.00h -14.30h<\/strong>\u00a0oder\u00a0<strong>donnerstags von 11.00h-15.00h<\/strong>\u00a0in unser BR B\u00fcro, auf der\u00a0<strong>Leipzigerstr. 47<\/strong>\u00a0vorbei. Nat\u00fcrlich k\u00f6nnt ihr auch individuelle Sprechzeiten vereinbaren. Ihr erreicht uns per Email (betriebsrat@kommev.de),\u00a0oder ruft uns einfach an (0176 \u2013 195 190 33).\u00a0<br><\/p><\/div><\/div>\n<\/div>\n<\/div><\/div>\n\n\n\n<div class=\"wp-block-group alignfull has-background is-layout-flow wp-block-group-is-layout-flow\" style=\"background-color:#f2f0e9\">\n<div class=\"wp-block-columns alignwide are-vertically-aligned-center is-layout-flex wp-container-core-columns-is-layout-28f84493 wp-block-columns-is-layout-flex\">\n<div class=\"wp-block-column is-layout-flow wp-block-column-is-layout-flow\" style=\"flex-basis:50%\">\n<p class=\"has-text-color\" style=\"color:#000000;font-size:clamp(18.959px, 1.185rem + ((1vw - 3.2px) * 0.863), 30px);line-height:1.1\"><\/p>\n<\/div>\n<\/div>\n\n\n\n<div class=\"wp-block-columns alignwide is-layout-flex wp-container-core-columns-is-layout-28f84493 wp-block-columns-is-layout-flex\">\n<div class=\"wp-block-column is-layout-flow wp-block-column-is-layout-flow\"><\/div>\n\n\n\n<div class=\"wp-block-column is-layout-flow wp-block-column-is-layout-flow\">\n<p class=\"has-text-color has-extra-small-font-size\" style=\"color:#000000\"><strong>Was ist der Betriebsrat?<\/strong><\/p>\n\n\n\n<p class=\"has-text-color has-extra-small-font-size\" style=\"color:#000000\">Der BR ist ein von euch gew\u00e4hltes, 9-k\u00f6pfiges Gremium, das eure Interessen als Arbeitnehmer*innen vertritt. Wir sind f\u00fcr alle Mitarbeiter*innen ein sicherer Ort bei allen Fragen rund um den Arbeitsplatz. Mitglieder des Betriebsrates sind: Vorsitz: Gabi Haumann; Stellvertretung: Catherine Linke; Jan Steinicke; Thomas Zorn; Norbert Meschede; Dorit Lietz; Dagmar Raff; Dario Baldi; Theresa Boczula.<\/p>\n\n\n\n<p class=\"has-text-color has-extra-small-font-size\" style=\"color:#000000\"><strong>Was sind die Aufgaben und M\u00f6glichkeiten eures Betriebsrates?&nbsp;<\/strong><\/p>\n\n\n\n<p class=\"has-text-color has-extra-small-font-size\" style=\"color:#000000\">Wir vertreten die Interessen der Arbeitnehmer*innen gegen\u00fcber der Gesch\u00e4ftsf\u00fchrung. Dazu z\u00e4hlen u.a. die Besch\u00e4ftigungssicherung, die Arbeitszeit, das Arbeitsentgelt und die Gesundheitsvorsorge. Dabei machen wir von unserem Mitbestimmungsrecht Gebrauch, z.B. bei K\u00fcndigungen, Einstellungen oder Versetzungen. Unsere Rechte, Pflichten und Aufgaben sind im Betriebsverfassungsgesetz (BetrVG) geregelt.<\/p>\n\n\n\n<p>Unsere Aufgaben sind zum Beispiel:&nbsp;<\/p>\n\n\n\n<ul class=\"wp-block-list\">\n<li>Sicherstellen, dass geltende Gesetze und bestehende Betriebsvereinbarungen eingehalten werden. Dies betrifft insbesondere Arbeitsschutz, Arbeitsrecht, Arbeitssicherheit, Arbeitszeit (Dienstpl\u00e4ne, \u00dcberstunden, Pausen) sowie die M\u00f6glichkeit, an Fort- und Weiterbildungen teilzunehmen,\u00a0<\/li>\n\n\n\n<li>Betriebsvereinbarungen erarbeiten und diese mit der Gesch\u00e4ftsf\u00fchrung verhandeln und abschlie\u00dfen. Z.B. BV Jobticket, BV Verg\u00fctung.<\/li>\n\n\n\n<li>Wir bieten allen Arbeitnehmer*innen vertrauliche Beratung zu arbeitsbezogenen Themen; von Fragen der Arbeitszeitregelung bis hin zu sensiblen Anliegen wie Konflikte am Arbeitsplatz. Selbstverst\u00e4ndlich unterliegen alle Gespr\u00e4che der Verschwiegenheit; ohne ausdr\u00fcckliche Zustimmung werden keine Informationen weitergegeben.<\/li>\n<\/ul>\n<\/div>\n\n\n\n<div class=\"wp-block-column is-layout-flow wp-block-column-is-layout-flow\">\n<p class=\"has-text-color has-extra-small-font-size\" style=\"color:#000000\"><\/p>\n\n\n\n<p>Grunds\u00e4tzlich k\u00f6nnt ihr euch bei allen Fragen, die die Arbeit bei KOMM betreffen, an uns wenden. Um all dies gew\u00e4hrleisten zu k\u00f6nnen, nehmen wir an Fort- und Weiterbildungen teil. Der Betriebsrat wird alle 4 Jahre in geheimer Wahl gew\u00e4hlt. Dabei haben alle wahlberechtigte Arbeitnehmer*innen die M\u00f6glichkeit ihre Vertretung aktiv mitzugestalten.<\/p>\n\n\n\n<p><strong>Wie kommt ihr mit uns in Kontakt?&nbsp;<\/strong><\/p>\n\n\n\n<p>Die BR Arbeit lebt vom Kontakt und Austausch mit Euch. Wir freuen uns \u00fcber Eure Anregungen, Vorschl\u00e4ge und Verbesserungsw\u00fcnsche.<\/p>\n\n\n\n<p>Kommt gerne zu unseren Sprechzeiten,&nbsp;<strong>dienstags von 13.00h -14.30h<\/strong>&nbsp;oder&nbsp;<strong>donnerstags von 11.00h-15.00h<\/strong>&nbsp;in unser BR B\u00fcro, auf der&nbsp;<strong>Leipzigerstr. 47<\/strong>&nbsp;vorbei. Nat\u00fcrlich k\u00f6nnt ihr auch individuelle Sprechzeiten vereinbaren. Ihr erreicht uns per Email (betriebsrat@kommev.de),&nbsp;oder ruft uns einfach an (0176 \u2013 195 190 33).&nbsp;<\/p>\n\n\n\n<p>Zudem gibt es regelm\u00e4\u00dfige Betriebs- und\/oder Abteilungsversammlungen, zu denen wir einladen, und uns da \u00fcber zahlreiches Erscheinen und rege Teilnahme freuen.&nbsp;<\/p>\n<\/div>\n<\/div>\n<\/div>\n\n\n\n<p><\/p>\n","protected":false},"excerpt":{"rendered":"<p>Was ist der Betriebsrat? Der BR ist ein von euch gew\u00e4hltes, 9-k\u00f6pfiges Gremium, das eure Interessen als Arbeitnehmer*innen vertritt. Wir sind f\u00fcr alle Mitarbeiter*innen ein sicherer Ort bei allen Fragen rund um den Arbeitsplatz. Mitglieder des Betriebsrates sind: Vorsitz: Gabi Haumann; Stellvertretung: Catherine Linke; Jan Steinicke; Thomas Zorn; Norbert Meschede; Dorit Lietz; Dagmar Raff; Dario [&hellip;]<\/p>\n","protected":false},"author":6,"featured_media":0,"parent":0,"menu_order":0,"comment_status":"closed","ping_status":"closed","template":"","meta":{"_uag_custom_page_level_css":"","footnotes":""},"class_list":["post-2036","page","type-page","status-publish","hentry"],"blocksy_meta":{"has_hero_section":"disabled","styles_descriptor":{"styles":{"desktop":"","tablet":"","mobile":""},"google_fonts":[],"version":6}},"uagb_featured_image_src":{"full":false,"thumbnail":false,"medium":false,"medium_large":false,"large":false,"1536x1536":false,"2048x2048":false},"uagb_author_info":{"display_name":"Marcel K\u00f6nig","author_link":"https:\/\/website.kommev.de\/?author=6"},"uagb_comment_info":0,"uagb_excerpt":"Was ist der Betriebsrat? Der BR ist ein von euch gew\u00e4hltes, 9-k\u00f6pfiges Gremium, das eure Interessen als Arbeitnehmer*innen vertritt. Wir sind f\u00fcr alle Mitarbeiter*innen ein sicherer Ort bei allen Fragen rund um den Arbeitsplatz. Mitglieder des Betriebsrates sind: Vorsitz: Gabi Haumann; Stellvertretung: Catherine Linke; Jan Steinicke; Thomas Zorn; Norbert Meschede; Dorit Lietz; Dagmar Raff; Dario&hellip;","_links":{"self":[{"href":"https:\/\/website.kommev.de\/index.php?rest_route=\/wp\/v2\/pages\/2036","targetHints":{"allow":["GET"]}}],"collection":[{"href":"https:\/\/website.kommev.de\/index.php?rest_route=\/wp\/v2\/pages"}],"about":[{"href":"https:\/\/website.kommev.de\/index.php?rest_route=\/wp\/v2\/types\/page"}],"author":[{"embeddable":true,"href":"https:\/\/website.kommev.de\/index.php?rest_route=\/wp\/v2\/users\/6"}],"replies":[{"embeddable":true,"href":"https:\/\/website.kommev.de\/index.php?rest_route=%2Fwp%2Fv2%2Fcomments&post=2036"}],"version-history":[{"count":5,"href":"https:\/\/website.kommev.de\/index.php?rest_route=\/wp\/v2\/pages\/2036\/revisions"}],"predecessor-version":[{"id":2056,"href":"https:\/\/website.kommev.de\/index.php?rest_route=\/wp\/v2\/pages\/2036\/revisions\/2056"}],"wp:attachment":[{"href":"https:\/\/website.kommev.de\/index.php?rest_route=%2Fwp%2Fv2%2Fmedia&parent=2036"}],"curies":[{"name":"wp","href":"https:\/\/api.w.org\/{rel}","templated":true}]}}