{"id":1997,"date":"2025-11-30T22:36:19","date_gmt":"2025-11-30T21:36:19","guid":{"rendered":"https:\/\/website.kommev.de\/?page_id=1997"},"modified":"2026-02-26T15:44:57","modified_gmt":"2026-02-26T14:44:57","slug":"freizeitassistenz-neu","status":"publish","type":"page","link":"https:\/\/website.kommev.de\/?page_id=1997","title":{"rendered":"Freizeitassistenz NEU"},"content":{"rendered":"\n<p><\/p>\n\n\n\n<p><\/p>\n\n\n\n<p><\/p>\n\n\n\n<div data-aos= \"fade-right\" data-aos-duration=\"400\" data-aos-delay=\"0\" data-aos-easing=\"ease\" data-aos-once=\"true\" class=\"wp-block-uagb-container uagb-block-vjqxiphi alignfull uagb-is-root-container\">\n<div data-aos= \"fade-right\" data-aos-duration=\"400\" data-aos-delay=\"0\" data-aos-easing=\"ease\" data-aos-once=\"true\" class=\"wp-block-uagb-container uagb-block-ieovr4rb\"><\/div>\n\n\n\n<div class=\"wp-block-uagb-container uagb-block-iomkyeua\">\n<div data-aos= \"fade-right\" data-aos-duration=\"400\" data-aos-delay=\"0\" data-aos-easing=\"ease\" data-aos-once=\"true\" class=\"wp-block-uagb-info-box uagb-block-9xazesj5 uagb-infobox__content-wrap  uagb-infobox-icon-above-title uagb-infobox-image-valign-top\"><div class=\"uagb-ifb-content\"><div class=\"uagb-ifb-title-wrap\"><h1 class=\"uagb-ifb-title\">Hilfen zur Erziehung und Teilhabeassistenz bei KOMM <\/h1><\/div><p class=\"uagb-ifb-desc\">Im Rahmen der sozialp\u00e4dagogischen Familienhilfe und Erziehungsbeistandschaft st\u00e4rken wir Eltern in herausfordernden Situationen und entlasten im Alltag.<br><strong>&nbsp;<\/strong><br>Wir begleiten Ihr Kind mit Beeintr\u00e4chtigung im Rahmen der Teilhabeassistenz und f\u00f6rdern eine selbstbestimmte Freizeitgestaltung.&nbsp;<\/p><\/div><\/div>\n\n\n\n<div data-aos= \"fade-right\" data-aos-duration=\"400\" data-aos-delay=\"0\" data-aos-easing=\"ease\" data-aos-once=\"true\" class=\"wp-block-uagb-buttons uagb-buttons__outer-wrap uagb-btn__medium-btn uagb-btn-tablet__default-btn uagb-btn-mobile__default-btn uagb-block-bhxqni5r\"><div class=\"uagb-buttons__wrap uagb-buttons-layout-wrap \">\n<div class=\"wp-block-uagb-buttons-child uagb-buttons__outer-wrap uagb-block-7x9s0mot wp-block-button\"><div class=\"uagb-button__wrapper\"><a class=\"uagb-buttons-repeater wp-block-button__link\" aria-label=\"\" href=\"https:\/\/website.kommev.de\/?page_id=1960 \" rel=\"follow noopener\" target=\"_self\" role=\"button\"><div class=\"uagb-button__link\">Jetzt Erstgespr\u00e4ch vereinbaren <\/div><\/a><\/div><\/div>\n<\/div><\/div>\n<\/div>\n<\/div>\n\n\n\n<div data-aos= \"fade-right\" data-aos-duration=\"400\" data-aos-delay=\"0\" data-aos-easing=\"ease\" data-aos-once=\"true\" class=\"wp-block-uagb-container uagb-block-ddv2w5ah alignfull uagb-is-root-container\"><div class=\"uagb-container-inner-blocks-wrap\">\n<div class=\"wp-block-uagb-info-box uagb-block-9xzkdg9d uagb-infobox__content-wrap  uagb-infobox-icon-above-title uagb-infobox-image-valign-top wp-block-uagb-info-box--has-margin\"><div class=\"uagb-infobox-margin-wrapper\"><div class=\"uagb-ifb-content\"><div class=\"uagb-ifb-title-wrap\"><p class=\"uagb-ifb-title-prefix\">Sozialp\u00e4dagogische Familienhilfe, die st\u00e4rkt &amp; Erziehungsbeistand <\/p><p class=\"uagb-ifb-title\"><a>Die<strong>\u00a0Sozialp\u00e4dagogische Familienhilfe<\/strong>\u00a0richtet sich an Familien, die in belastenden Situationen Unterst\u00fctzung ben\u00f6tigen, um Perspektiven f\u00fcr ein gelingendes Zusammenleben zu entwickeln. Gemeinsam arbeiten wir vertrauensvoll und auf Augenh\u00f6he an Erziehungsfragen, an der Stabilisierung des Alltags, an Krisen und Konflikten und st\u00e4rken die Handlungsf\u00e4higkeit der Eltern im Umgang mit herausfordernden Situationen. Wir st\u00e4rken und f\u00f6rdern die Kinder, unterst\u00fctzen bei der Sicherung der materiellen Grundlagen der Familie und helfen dabei, passende familienunterst\u00fctzende Angebote wie Kindertageseinrichtungen, therapeutische Hilfen und\/oder Beratungsstellen zu finden.<\/a><br><br>Der\u00a0<strong>Erziehungsbeistand\u00a0<\/strong>richtet sich an Kinder und Jugendliche, die in ihren Familien leben, jedoch aufgrund belastender Situationen, Verhaltensauff\u00e4lligkeiten oder emotionaler Herausforderungen eine intensivere Unterst\u00fctzung ben\u00f6tigen. Im Mittelpunkt steht der Bedarf des Kindes oder Jugendlichen: Wir begleiten bei schulischem Unterst\u00fctzungsbedarf, st\u00e4rken soziale und emotionale Kompetenzen und unterst\u00fctzen beim Aufbau tragf\u00e4higer Beziehungen im famili\u00e4ren Umfeld, im Freundeskreis und im Freizeitbereich. Ziel ist es, gemeinsam mit dem jungen Menschen unter Beteiligung der Sorgeberechtigten eine f\u00f6rderliche Zukunftsperspektive zu entwickeln.<br><br> Methodisch arbeiten wir ressourcenorientiert und st\u00e4rken auch kleine positive Entwicklungsschritte und Initiativen. Wir unterst\u00fctzen den jungen Menschen bei der\u00a0\u00a0Selbstorganisation und Selbstregulation . Im Rahmen der Beziehung entwickeln wir gemeinsam alltagsnahe Perspektiven \u2013 von schulischen und beruflichen Zielen bis hin zu einem sicheren Umgang mit Medien. Wir unterst\u00fctzen bei Konflikten, begleiten Abl\u00f6sungsprozesse und beziehen das soziale Umfeld aktiv ein.\u00a0<\/p><\/div><\/div><\/div><\/div>\n\n\n\n<div class=\"wp-block-uagb-info-box uagb-block-cf577c6a uagb-infobox__content-wrap  uagb-infobox-icon-above-title uagb-infobox-image-valign-top wp-block-uagb-info-box--has-margin\"><div class=\"uagb-infobox-margin-wrapper\"><div class=\"uagb-ifb-content\"><div class=\"uagb-ifb-title-wrap\"><p class=\"uagb-ifb-title-prefix\">Freizeitassistenz f\u00fcr junge Menschen  <\/p><p class=\"uagb-ifb-title\">Unsere<strong>&nbsp;Teilhabeassistenz&nbsp;<\/strong>unterst\u00fctzt Kinder und Jugendliche mit Beeintr\u00e4chtigungen. Im Mittelpunkt steht der individuelle Bedarf: Dieser zeigt sich je nach Alter des Kindes unterschiedlich.&nbsp;<br>Bei kleineren Kindern stehen die F\u00f6rderung der Sozialkompetenz und der Aufbau einer stabilen Beziehung zu einer verl\u00e4sslichen und regulierenden Bezugsperson im Zentrum der Leistung. Wenn spezifische Entwicklungsschritte bereits erfolgt sind, richtet sich die Teilhabe verst\u00e4rkt auf&nbsp;&nbsp;passende Freizeitangebote und Orientierungstraining im Sozialraum. Wir f\u00f6rdern soziale Kontakte, unterst\u00fctzen in herausfordernden Situationen und erm\u00f6glichen Erfahrungen, die Selbstvertrauen und Handlungsspielr\u00e4ume erweitern, Orientierung und soziale Teilhabe.<\/p><\/div><\/div><\/div><\/div>\n<\/div><\/div>\n\n\n\n<div class=\"wp-block-uagb-container uagb-block-vcpejydq alignfull uagb-is-root-container\"><div class=\"uagb-container-inner-blocks-wrap\">\n<div class=\"wp-block-uagb-info-box uagb-block-prfdwxni uagb-infobox__content-wrap  uagb-infobox-icon-above-title uagb-infobox-image-valign-top\"><div class=\"uagb-ifb-content\"><div class=\"uagb-ifb-title-wrap\"><h2 class=\"uagb-ifb-title\">Ansprechpersonen<\/h2><\/div><\/div><\/div>\n\n\n\n<div class=\"wp-block-uagb-container uagb-block-ldthfzmv\">\n<div class=\"wp-block-uagb-container uagb-block-5jybzxb4\">\n<div class=\"wp-block-uagb-image alignleft uagb-block-serqjdcn wp-block-uagb-image--layout-default wp-block-uagb-image--effect-static wp-block-uagb-image--align-left\"><figure class=\"wp-block-uagb-image__figure\"><img decoding=\"async\" srcset=\"https:\/\/website.kommev.de\/wp-content\/uploads\/13-1024x1024.png ,https:\/\/website.kommev.de\/wp-content\/uploads\/13.png 780w, https:\/\/website.kommev.de\/wp-content\/uploads\/13.png 360w\" sizes=\"auto, (max-width: 480px) 150px\" src=\"https:\/\/website.kommev.de\/wp-content\/uploads\/13-1024x1024.png\" alt=\"\" class=\"uag-image-1779\" width=\"368\" height=\"460\" title=\"13\" loading=\"lazy\" role=\"img\"\/><\/figure><\/div>\n\n\n\n<div class=\"wp-block-uagb-info-box uagb-block-5jubpqm4 uagb-infobox__content-wrap  uagb-infobox-icon-above-title uagb-infobox-image-valign-top wp-block-uagb-info-box--has-margin\"><div class=\"uagb-infobox-margin-wrapper\"><div class=\"uagb-ifb-content\"><div class=\"uagb-ifb-title-wrap\"><p class=\"uagb-ifb-title\"><strong>Christina Franz  <\/strong><br>Teamleitung  <\/p><\/div><p class=\"uagb-ifb-desc\">Tel.: &nbsp;0176 &#8211; 11 04 56 61<br>E-Mail: c.franz@kommev.de<\/p><\/div><\/div><\/div>\n<\/div>\n\n\n\n<div class=\"wp-block-uagb-container uagb-block-g7h9ythr\">\n<div class=\"wp-block-uagb-image alignleft uagb-block-oioxeeou wp-block-uagb-image--layout-default wp-block-uagb-image--effect-static wp-block-uagb-image--align-left\"><figure class=\"wp-block-uagb-image__figure\"><img decoding=\"async\" srcset=\"https:\/\/website.kommev.de\/wp-content\/uploads\/Silke-Gause-1024x1024.png ,https:\/\/website.kommev.de\/wp-content\/uploads\/Silke-Gause.png 780w, https:\/\/website.kommev.de\/wp-content\/uploads\/Silke-Gause.png 360w\" sizes=\"auto, (max-width: 480px) 150px\" src=\"https:\/\/website.kommev.de\/wp-content\/uploads\/Silke-Gause-1024x1024.png\" alt=\"\" class=\"uag-image-1994\" width=\"368\" height=\"460\" title=\"Silke Gause\" loading=\"lazy\" role=\"img\"\/><\/figure><\/div>\n\n\n\n<div class=\"wp-block-uagb-info-box uagb-block-ywlfpcio uagb-infobox__content-wrap  uagb-infobox-icon-above-title uagb-infobox-image-valign-top wp-block-uagb-info-box--has-margin\"><div class=\"uagb-infobox-margin-wrapper\"><div class=\"uagb-ifb-content\"><div class=\"uagb-ifb-title-wrap\"><p class=\"uagb-ifb-title\"><strong>Silke Gause <\/strong><br>Teamleitung <\/p><\/div><p class=\"uagb-ifb-desc\">Tel.: 0176 &#8211; 11 04 56 62<br>E-Mail: s.gause@kommev.de<\/p><\/div><\/div><\/div>\n<\/div>\n\n\n\n<div class=\"wp-block-uagb-container uagb-block-mnpsxlci\">\n<div class=\"wp-block-uagb-info-box uagb-block-7syokgmt uagb-infobox__content-wrap  uagb-infobox-icon-above-title uagb-infobox-image-valign-top wp-block-uagb-info-box--has-margin\"><div class=\"uagb-infobox-margin-wrapper\"><div class=\"uagb-ifb-content\"><div class=\"uagb-ifb-title-wrap\"><\/div><\/div><\/div><\/div>\n\n\n\n<p><\/p>\n<\/div>\n<\/div>\n<\/div><\/div>\n","protected":false},"excerpt":{"rendered":"","protected":false},"author":6,"featured_media":0,"parent":0,"menu_order":1,"comment_status":"closed","ping_status":"closed","template":"","meta":{"_uag_custom_page_level_css":"","footnotes":""},"class_list":["post-1997","page","type-page","status-publish","hentry"],"blocksy_meta":{"has_hero_section":"disabled","page_structure_type":"default","styles_descriptor":{"styles":{"desktop":"","tablet":"","mobile":""},"google_fonts":[],"version":6}},"uagb_featured_image_src":{"full":false,"thumbnail":false,"medium":false,"medium_large":false,"large":false,"1536x1536":false,"2048x2048":false},"uagb_author_info":{"display_name":"Marcel K\u00f6nig","author_link":"https:\/\/website.kommev.de\/?author=6"},"uagb_comment_info":0,"uagb_excerpt":null,"_links":{"self":[{"href":"https:\/\/website.kommev.de\/index.php?rest_route=\/wp\/v2\/pages\/1997","targetHints":{"allow":["GET"]}}],"collection":[{"href":"https:\/\/website.kommev.de\/index.php?rest_route=\/wp\/v2\/pages"}],"about":[{"href":"https:\/\/website.kommev.de\/index.php?rest_route=\/wp\/v2\/types\/page"}],"author":[{"embeddable":true,"href":"https:\/\/website.kommev.de\/index.php?rest_route=\/wp\/v2\/users\/6"}],"replies":[{"embeddable":true,"href":"https:\/\/website.kommev.de\/index.php?rest_route=%2Fwp%2Fv2%2Fcomments&post=1997"}],"version-history":[{"count":6,"href":"https:\/\/website.kommev.de\/index.php?rest_route=\/wp\/v2\/pages\/1997\/revisions"}],"predecessor-version":[{"id":2076,"href":"https:\/\/website.kommev.de\/index.php?rest_route=\/wp\/v2\/pages\/1997\/revisions\/2076"}],"wp:attachment":[{"href":"https:\/\/website.kommev.de\/index.php?rest_route=%2Fwp%2Fv2%2Fmedia&parent=1997"}],"curies":[{"name":"wp","href":"https:\/\/api.w.org\/{rel}","templated":true}]}}