{"id":195,"date":"2022-02-14T15:45:54","date_gmt":"2022-02-14T12:45:54","guid":{"rendered":"https:\/\/komm.suprd.com\/?page_id=195"},"modified":"2022-03-24T13:54:08","modified_gmt":"2022-03-24T12:54:08","slug":"spenden","status":"publish","type":"page","link":"https:\/\/website.kommev.de\/?page_id=195","title":{"rendered":"Spenden"},"content":{"rendered":"\n<p>Sie m\u00f6chten uns gerne bei unserer Arbeit unterst\u00fctzen? Dann k\u00f6nnen Sie uns mit einer Spende dabei helfen!<\/p>\n\n\n\n<p>Mit unseren Spendengeldern finanzieren wir die Anschaffung von Hilfsmittel und F\u00f6rdermaterialien. Gerne stellen wir Ihnen auf Wunsch eine Spendenbescheinigung aus.<\/p>\n\n\n\n<p>Wir danken all unseren Spender*innen!<\/p>\n\n\n\n<p><strong>Spendenkonto:<\/strong><br>Bank f\u00fcr Sozialwirtschaft K\u00f6ln<br>IBAN DE94370205000007038700<br>BIC BFSWDE33XXX<\/p>\n","protected":false},"excerpt":{"rendered":"<p>Sie m\u00f6chten uns gerne bei unserer Arbeit unterst\u00fctzen? Dann k\u00f6nnen Sie uns mit einer Spende dabei helfen! Mit unseren Spendengeldern finanzieren wir die Anschaffung von Hilfsmittel und F\u00f6rdermaterialien. Gerne stellen wir Ihnen auf Wunsch eine Spendenbescheinigung aus. Wir danken all unseren Spender*innen! Spendenkonto:Bank f\u00fcr Sozialwirtschaft K\u00f6lnIBAN DE94370205000007038700BIC BFSWDE33XXX<\/p>\n","protected":false},"author":4,"featured_media":0,"parent":0,"menu_order":0,"comment_status":"closed","ping_status":"closed","template":"","meta":{"_uag_custom_page_level_css":"","footnotes":""},"class_list":["post-195","page","type-page","status-publish","hentry"],"blocksy_meta":{"styles_descriptor":{"styles":{"desktop":"","tablet":"","mobile":""},"google_fonts":[],"version":6}},"uagb_featured_image_src":{"full":false,"thumbnail":false,"medium":false,"medium_large":false,"large":false,"1536x1536":false,"2048x2048":false},"uagb_author_info":{"display_name":"WP-Admin-01","author_link":"https:\/\/website.kommev.de\/?author=4"},"uagb_comment_info":0,"uagb_excerpt":"Sie m\u00f6chten uns gerne bei unserer Arbeit unterst\u00fctzen? Dann k\u00f6nnen Sie uns mit einer Spende dabei helfen! Mit unseren Spendengeldern finanzieren wir die Anschaffung von Hilfsmittel und F\u00f6rdermaterialien. Gerne stellen wir Ihnen auf Wunsch eine Spendenbescheinigung aus. Wir danken all unseren Spender*innen! Spendenkonto:Bank f\u00fcr Sozialwirtschaft K\u00f6lnIBAN DE94370205000007038700BIC BFSWDE33XXX","_links":{"self":[{"href":"https:\/\/website.kommev.de\/index.php?rest_route=\/wp\/v2\/pages\/195","targetHints":{"allow":["GET"]}}],"collection":[{"href":"https:\/\/website.kommev.de\/index.php?rest_route=\/wp\/v2\/pages"}],"about":[{"href":"https:\/\/website.kommev.de\/index.php?rest_route=\/wp\/v2\/types\/page"}],"author":[{"embeddable":true,"href":"https:\/\/website.kommev.de\/index.php?rest_route=\/wp\/v2\/users\/4"}],"replies":[{"embeddable":true,"href":"https:\/\/website.kommev.de\/index.php?rest_route=%2Fwp%2Fv2%2Fcomments&post=195"}],"version-history":[{"count":1,"href":"https:\/\/website.kommev.de\/index.php?rest_route=\/wp\/v2\/pages\/195\/revisions"}],"predecessor-version":[{"id":1039,"href":"https:\/\/website.kommev.de\/index.php?rest_route=\/wp\/v2\/pages\/195\/revisions\/1039"}],"wp:attachment":[{"href":"https:\/\/website.kommev.de\/index.php?rest_route=%2Fwp%2Fv2%2Fmedia&parent=195"}],"curies":[{"name":"wp","href":"https:\/\/api.w.org\/{rel}","templated":true}]}}