{"id":1926,"date":"2025-11-29T22:00:29","date_gmt":"2025-11-29T21:00:29","guid":{"rendered":"https:\/\/website.kommev.de\/?page_id=1926"},"modified":"2025-12-01T09:13:04","modified_gmt":"2025-12-01T08:13:04","slug":"bewo-neu","status":"publish","type":"page","link":"https:\/\/website.kommev.de\/?page_id=1926","title":{"rendered":"BEWO NEU"},"content":{"rendered":"\n<div data-aos= \"fade-right\" data-aos-duration=\"400\" data-aos-delay=\"0\" data-aos-easing=\"ease\" data-aos-once=\"true\" class=\"wp-block-uagb-container uagb-block-zgnwtgoa alignfull uagb-is-root-container\"><div class=\"uagb-container-inner-blocks-wrap\">\n<div class=\"wp-block-uagb-image alignleft uagb-block-h7xve9uu wp-block-uagb-image--layout-default wp-block-uagb-image--effect-static wp-block-uagb-image--align-left\"><figure class=\"wp-block-uagb-image__figure\"><img decoding=\"async\" srcset=\"https:\/\/website.kommev.de\/wp-content\/uploads\/Wohnen-1024x1024.jpg ,https:\/\/website.kommev.de\/wp-content\/uploads\/Wohnen.jpg 780w, https:\/\/website.kommev.de\/wp-content\/uploads\/Wohnen.jpg 360w\" sizes=\"auto, (max-width: 480px) 150px\" src=\"https:\/\/website.kommev.de\/wp-content\/uploads\/Wohnen-1024x1024.jpg\" alt=\"\" class=\"uag-image-1471\" width=\"600\" height=\"500\" title=\"TIGER-MODELLPROJEKT: Erich-K\u00e4stner-Schule - 11\" loading=\"lazy\" role=\"img\"\/><\/figure><\/div>\n\n\n\n<div class=\"wp-block-uagb-container uagb-block-viv1oj0x\">\n<div class=\"wp-block-uagb-info-box uagb-block-3x8davew uagb-infobox__content-wrap  uagb-infobox-icon-above-title uagb-infobox-image-valign-top\"><div class=\"uagb-ifb-content\"><div class=\"uagb-ifb-title-wrap\"><p class=\"uagb-ifb-title-prefix\">Unterst\u00fctzung f\u00fcr soziale Teilhabe<\/p><h1 class=\"uagb-ifb-title\">Assistenz f\u00fcr Erwachsene <\/h1><\/div><p class=\"uagb-ifb-desc\">Unser Ziel ist es, Erwachsenen mit kognitiven, k\u00f6rperlichen, seelischen oder mehrfachen Behinderungen eine Lebensf\u00fchrung zu erm\u00f6glichen, die ihren Vorstellungen entspricht: eigenverantwortlich, alltagsnah und gut im sozialen Umfeld verankert. <br><br>Inklusion hei\u00dft f\u00fcr uns ein gleichberechtigtes Miteinander zu f\u00f6rdern und Teilhabebarrieren im Stadtgebiet Frankfurt abzubauen.<\/p><\/div><\/div>\n\n\n\n<div class=\"wp-block-uagb-buttons uagb-buttons__outer-wrap uagb-btn__default-btn uagb-btn-tablet__default-btn uagb-btn-mobile__default-btn uagb-block-6tdj10i8\"><div class=\"uagb-buttons__wrap uagb-buttons-layout-wrap \">\n<div class=\"wp-block-uagb-buttons-child uagb-buttons__outer-wrap uagb-block-f81cc546 wp-block-button\"><div class=\"uagb-button__wrapper\"><a class=\"uagb-buttons-repeater wp-block-button__link\" aria-label=\"\" href=\"https:\/\/website.kommev.de\/?page_id=1960 \" rel=\"follow noopener\" target=\"_self\" role=\"button\"><div class=\"uagb-button__link\">Jetzt Erstgespr\u00e4ch vereinbaren<\/div><\/a><\/div><\/div>\n<\/div><\/div>\n<\/div>\n<\/div><\/div>\n\n\n\n<div data-aos= \"fade-right\" data-aos-duration=\"400\" data-aos-delay=\"0\" data-aos-easing=\"ease\" data-aos-once=\"true\" class=\"wp-block-uagb-container uagb-layout-grid uagb-block-cx0xp5bm alignfull uagb-is-root-container\"><div class=\"uagb-container-inner-blocks-wrap\">\n<div class=\"wp-block-uagb-info-box uagb-block-aqvbftgj uagb-infobox__content-wrap  uagb-infobox-icon-above-title uagb-infobox-image-valign-top\"><div class=\"uagb-ifb-content\"><div class=\"uagb-ifb-title-wrap\"><h2 class=\"uagb-ifb-title\">Assistenzdienst Soziale Teilhabe <\/h2><\/div><\/div><\/div>\n\n\n\n<div data-aos= \"fade-left\" data-aos-duration=\"400\" data-aos-delay=\"0\" data-aos-easing=\"ease\" data-aos-once=\"true\" class=\"wp-block-uagb-container uagb-layout-grid uagb-block-bgllbqf7\">\n<div class=\"wp-block-uagb-container uagb-block-xm13aigo\">\n<div class=\"wp-block-uagb-info-box uagb-block-s62wgzdd uagb-infobox__content-wrap  uagb-infobox-icon-above-title uagb-infobox-image-valign-top\"><div class=\"uagb-ifb-content\"><div class=\"uagb-ifb-title-wrap\"><h3 class=\"uagb-ifb-title\">Soziale Teilhabe <\/h3><\/div><\/div><\/div>\n<\/div>\n\n\n\n<div data-aos= \"fade-right\" data-aos-duration=\"400\" data-aos-delay=\"0\" data-aos-easing=\"ease\" data-aos-once=\"true\" class=\"wp-block-uagb-container uagb-block-mssp1w3m\">\n<figure class=\"wp-block-image size-large is-resized\"><img loading=\"lazy\" decoding=\"async\" width=\"1024\" height=\"972\" src=\"https:\/\/website.kommev.de\/wp-content\/uploads\/000555-1024x972.jpg\" alt=\"\" class=\"wp-image-1889\" style=\"width:132px;height:auto\" srcset=\"https:\/\/website.kommev.de\/wp-content\/uploads\/000555-1024x972.jpg 1024w, https:\/\/website.kommev.de\/wp-content\/uploads\/000555-450x427.jpg 450w, https:\/\/website.kommev.de\/wp-content\/uploads\/000555-768x729.jpg 768w, https:\/\/website.kommev.de\/wp-content\/uploads\/000555.jpg 1046w\" sizes=\"auto, (max-width: 1024px) 100vw, 1024px\" \/><\/figure>\n\n\n\n<div class=\"wp-block-uagb-info-box uagb-block-nay0opuk uagb-infobox__content-wrap  uagb-infobox-icon-above-title uagb-infobox-image-valign-top\"><div class=\"uagb-ifb-content\"><div class=\"uagb-ifb-title-wrap\"><h3 class=\"uagb-ifb-title\">Wohnen in eigener Wohnung <\/h3><\/div><p class=\"uagb-ifb-desc\">Mit unserer qualifizierten und kompensatorischen Assistenz unterst\u00fctzen wir Menschen, die in ihrer eigenen Wohnung oder in Wohngemeinschaften leben m\u00f6chten. Wir begleiten sie auf ihrem Weg zu mehr Selbstst\u00e4ndigkeit \u2013 von der Alltagsorganisation \u00fcber die Haushaltsf\u00fchrung bis zu individuellen Fragen der Lebensplanung.<\/p><\/div><\/div>\n<\/div>\n\n\n\n<div data-aos= \"fade-right\" data-aos-duration=\"400\" data-aos-delay=\"0\" data-aos-easing=\"ease\" data-aos-once=\"true\" class=\"wp-block-uagb-container uagb-block-uokyu3pj\">\n<figure class=\"wp-block-image size-large is-resized\"><img loading=\"lazy\" decoding=\"async\" width=\"1024\" height=\"958\" src=\"https:\/\/website.kommev.de\/wp-content\/uploads\/7-1-1024x958.png\" alt=\"\" class=\"wp-image-1884\" style=\"width:136px;height:auto\" srcset=\"https:\/\/website.kommev.de\/wp-content\/uploads\/7-1-1024x958.png 1024w, https:\/\/website.kommev.de\/wp-content\/uploads\/7-1-450x421.png 450w, https:\/\/website.kommev.de\/wp-content\/uploads\/7-1-768x718.png 768w, https:\/\/website.kommev.de\/wp-content\/uploads\/7-1.png 1051w\" sizes=\"auto, (max-width: 1024px) 100vw, 1024px\" \/><\/figure>\n\n\n\n<div class=\"wp-block-uagb-info-box uagb-block-krdyenrw uagb-infobox__content-wrap  uagb-infobox-icon-above-title uagb-infobox-image-valign-top\"><div class=\"uagb-ifb-content\"><div class=\"uagb-ifb-title-wrap\"><h3 class=\"uagb-ifb-title\">Kompensatorischer und qualifizierter Assistenzdienst <\/h3><\/div><p class=\"uagb-ifb-desc\">Unter dem Dach von KOMM  vereinen wir unterschiedliche ambulante Hilfen der Eingliederungshilfe. Dadurch k\u00f6nnen wir individuelle und bedarfsgerechte Unterst\u00fctzungssettings anbieten, die flexibel kombinierbar sind. Eine Kombination aus Pflegeleistungen und Hilfen zur Eingliederungshilfe ist ebenfalls m\u00f6glich. <\/p><\/div><\/div>\n<\/div>\n\n\n\n<div data-aos= \"fade-right\" data-aos-duration=\"400\" data-aos-delay=\"0\" data-aos-easing=\"ease\" data-aos-once=\"true\" class=\"wp-block-uagb-container uagb-block-ej0pl4vn\">\n<figure class=\"wp-block-image size-large is-resized\"><img loading=\"lazy\" decoding=\"async\" width=\"1024\" height=\"971\" src=\"https:\/\/website.kommev.de\/wp-content\/uploads\/0000147-1024x971.jpg\" alt=\"\" class=\"wp-image-1938\" style=\"width:124px;height:auto\" srcset=\"https:\/\/website.kommev.de\/wp-content\/uploads\/0000147-1024x971.jpg 1024w, https:\/\/website.kommev.de\/wp-content\/uploads\/0000147-450x427.jpg 450w, https:\/\/website.kommev.de\/wp-content\/uploads\/0000147-768x728.jpg 768w, https:\/\/website.kommev.de\/wp-content\/uploads\/0000147.jpg 1041w\" sizes=\"auto, (max-width: 1024px) 100vw, 1024px\" \/><\/figure>\n\n\n\n<div class=\"wp-block-uagb-info-box uagb-block-pxijmscv uagb-infobox__content-wrap  uagb-infobox-icon-above-title uagb-infobox-image-valign-top\"><div class=\"uagb-ifb-content\"><div class=\"uagb-ifb-title-wrap\"><h3 class=\"uagb-ifb-title\">Verantwortung <\/h3><\/div><p class=\"uagb-ifb-desc\">Wir arbeiten eng mit anderen Leistungserbringern zusammen, um passgenaue Unterst\u00fctzung zu erm\u00f6glichen. Als Komplexorganisation verstehen wir uns zugleich als Impulsgeberin f\u00fcr die Weiterentwicklung inklusiver Unterst\u00fctzungsangebote in Frankfurt.<\/p><\/div><\/div>\n<\/div>\n\n\n\n<div data-aos= \"fade-right\" data-aos-duration=\"400\" data-aos-delay=\"0\" data-aos-easing=\"ease\" data-aos-once=\"true\" class=\"wp-block-uagb-container uagb-block-5ulriiiu\">\n<figure class=\"wp-block-image size-large is-resized\"><img loading=\"lazy\" decoding=\"async\" width=\"1024\" height=\"965\" src=\"https:\/\/website.kommev.de\/wp-content\/uploads\/111111111-1024x965.jpg\" alt=\"\" class=\"wp-image-1939\" style=\"width:134px;height:auto\" srcset=\"https:\/\/website.kommev.de\/wp-content\/uploads\/111111111-1024x965.jpg 1024w, https:\/\/website.kommev.de\/wp-content\/uploads\/111111111-450x424.jpg 450w, https:\/\/website.kommev.de\/wp-content\/uploads\/111111111-768x723.jpg 768w, https:\/\/website.kommev.de\/wp-content\/uploads\/111111111.jpg 1052w\" sizes=\"auto, (max-width: 1024px) 100vw, 1024px\" \/><\/figure>\n\n\n\n<div class=\"wp-block-uagb-info-box uagb-block-wtmlbci5 uagb-infobox__content-wrap  uagb-infobox-icon-above-title uagb-infobox-image-valign-top\"><div class=\"uagb-ifb-content\"><div class=\"uagb-ifb-title-wrap\"><h3 class=\"uagb-ifb-title\">Beratung &amp; Hilfe  <\/h3><\/div><p class=\"uagb-ifb-desc\">Wir beraten Menschen mit Behinderung und ihre Familien zu allen Fragen rund um Teilhabe, Assistenz und selbstbestimmtes Leben. Gemeinsam kl\u00e4ren wir Unterst\u00fctzungsbedarfe, entwickeln passende L\u00f6sungen und zeigen Wege durch das System der Eingliederungshilfe.&nbsp;<\/p><\/div><\/div>\n<\/div>\n<\/div>\n<\/div><\/div>\n\n\n\n<div class=\"wp-block-uagb-container uagb-block-vcpejydq alignfull uagb-is-root-container\"><div class=\"uagb-container-inner-blocks-wrap\">\n<div class=\"wp-block-uagb-info-box uagb-block-prfdwxni uagb-infobox__content-wrap  uagb-infobox-icon-above-title uagb-infobox-image-valign-top\"><div class=\"uagb-ifb-content\"><div class=\"uagb-ifb-title-wrap\"><h2 class=\"uagb-ifb-title\">Ansprechpersonen<\/h2><\/div><\/div><\/div>\n\n\n\n<div data-aos= \"fade-right\" data-aos-duration=\"400\" data-aos-delay=\"0\" data-aos-easing=\"ease\" data-aos-once=\"true\" class=\"wp-block-uagb-container uagb-block-ldthfzmv\">\n<div class=\"wp-block-uagb-container uagb-block-5jybzxb4\">\n<div class=\"wp-block-uagb-image alignleft uagb-block-serqjdcn wp-block-uagb-image--layout-default wp-block-uagb-image--effect-static wp-block-uagb-image--align-left\"><figure class=\"wp-block-uagb-image__figure\"><img decoding=\"async\" srcset=\"https:\/\/website.kommev.de\/wp-content\/uploads\/5-1-1024x1024.png ,https:\/\/website.kommev.de\/wp-content\/uploads\/5-1.png 780w, https:\/\/website.kommev.de\/wp-content\/uploads\/5-1.png 360w\" sizes=\"auto, (max-width: 480px) 150px\" src=\"https:\/\/website.kommev.de\/wp-content\/uploads\/5-1-1024x1024.png\" alt=\"\" class=\"uag-image-1785\" width=\"368\" height=\"460\" title=\"5\" loading=\"lazy\" role=\"img\"\/><\/figure><\/div>\n\n\n\n<div class=\"wp-block-uagb-info-box uagb-block-5jubpqm4 uagb-infobox__content-wrap  uagb-infobox-icon-above-title uagb-infobox-image-valign-top wp-block-uagb-info-box--has-margin\"><div class=\"uagb-infobox-margin-wrapper\"><div class=\"uagb-ifb-content\"><div class=\"uagb-ifb-title-wrap\"><p class=\"uagb-ifb-title\"><strong>Jutta Hagner  <\/strong><br>Teamleitung  <\/p><\/div><p class=\"uagb-ifb-desc\">Tel.: &nbsp;0176 &#8211; 78 27 83 73<br>E-Mail: j.hagner@kommev.de<\/p><\/div><\/div><\/div>\n\n\n\n<div class=\"wp-block-uagb-image alignleft uagb-block-56cedecc wp-block-uagb-image--layout-default wp-block-uagb-image--effect-static wp-block-uagb-image--align-left\"><figure class=\"wp-block-uagb-image__figure\"><img decoding=\"async\" srcset=\"https:\/\/website.kommev.de\/wp-content\/uploads\/6-1-1024x1024.png ,https:\/\/website.kommev.de\/wp-content\/uploads\/6-1.png 780w, https:\/\/website.kommev.de\/wp-content\/uploads\/6-1.png 360w\" sizes=\"auto, (max-width: 480px) 150px\" src=\"https:\/\/website.kommev.de\/wp-content\/uploads\/6-1-1024x1024.png\" alt=\"\" class=\"uag-image-1783\" width=\"368\" height=\"460\" title=\"6\" loading=\"lazy\" role=\"img\"\/><\/figure><\/div>\n\n\n\n<div class=\"wp-block-uagb-info-box uagb-block-2d6aca17 uagb-infobox__content-wrap  uagb-infobox-icon-above-title uagb-infobox-image-valign-top wp-block-uagb-info-box--has-margin\"><div class=\"uagb-infobox-margin-wrapper\"><div class=\"uagb-ifb-content\"><div class=\"uagb-ifb-title-wrap\"><p class=\"uagb-ifb-title\"><strong>Dietrich Strakeljahn <\/strong><br>Teamleitung <\/p><\/div><p class=\"uagb-ifb-desc\">Tel.: &nbsp;0176 &#8211; 78 20 89 29<br>E-Mail: k-d.strakeljahn@kommev.de<\/p><\/div><\/div><\/div>\n\n\n\n<div class=\"wp-block-uagb-image alignleft uagb-block-458de80c wp-block-uagb-image--layout-default wp-block-uagb-image--effect-static wp-block-uagb-image--align-left\"><figure class=\"wp-block-uagb-image__figure\"><img decoding=\"async\" srcset=\"https:\/\/website.kommev.de\/wp-content\/uploads\/110000.jpg ,https:\/\/website.kommev.de\/wp-content\/uploads\/110000.jpg 780w, https:\/\/website.kommev.de\/wp-content\/uploads\/110000.jpg 360w\" sizes=\"auto, (max-width: 480px) 150px\" src=\"https:\/\/website.kommev.de\/wp-content\/uploads\/110000.jpg\" alt=\"\" class=\"uag-image-1741\" width=\"368\" height=\"460\" title=\"Design ohne Titel - 6\" loading=\"lazy\" role=\"img\"\/><\/figure><\/div>\n\n\n\n<div class=\"wp-block-uagb-info-box uagb-block-7a292c78 uagb-infobox__content-wrap  uagb-infobox-icon-above-title uagb-infobox-image-valign-top wp-block-uagb-info-box--has-margin\"><div class=\"uagb-infobox-margin-wrapper\"><div class=\"uagb-ifb-content\"><div class=\"uagb-ifb-title-wrap\"><p class=\"uagb-ifb-title\"><strong>Sina Schmitt<\/strong><br>Teamleitung <\/p><\/div><p class=\"uagb-ifb-desc\">Tel.: \u00a00176 &#8211; 78 12 88 95<br>E-Mail: s.schmitt@kommev.de<\/p><\/div><\/div><\/div>\n<\/div>\n\n\n\n<div class=\"wp-block-uagb-container uagb-block-g7h9ythr\">\n<div class=\"wp-block-uagb-image alignleft uagb-block-6d4f5005 wp-block-uagb-image--layout-default wp-block-uagb-image--effect-static wp-block-uagb-image--align-left\"><figure class=\"wp-block-uagb-image__figure\"><img decoding=\"async\" srcset=\"https:\/\/website.kommev.de\/wp-content\/uploads\/4-1-1024x1024.png ,https:\/\/website.kommev.de\/wp-content\/uploads\/4-1.png 780w, https:\/\/website.kommev.de\/wp-content\/uploads\/4-1.png 360w\" sizes=\"auto, (max-width: 480px) 150px\" src=\"https:\/\/website.kommev.de\/wp-content\/uploads\/4-1-1024x1024.png\" alt=\"\" class=\"uag-image-1784\" width=\"368\" height=\"460\" title=\"4\" loading=\"lazy\" role=\"img\"\/><\/figure><\/div>\n\n\n\n<div class=\"wp-block-uagb-info-box uagb-block-ywlfpcio uagb-infobox__content-wrap  uagb-infobox-icon-above-title uagb-infobox-image-valign-top wp-block-uagb-info-box--has-margin\"><div class=\"uagb-infobox-margin-wrapper\"><div class=\"uagb-ifb-content\"><div class=\"uagb-ifb-title-wrap\"><p class=\"uagb-ifb-title\"><strong>Diana Strakeljahn<\/strong><br>Teamleitung <\/p><\/div><p class=\"uagb-ifb-desc\">Tel.: 0176 &#8211; 19 51 90 06<br>E-Mail: d.strakeljahn@kommev.de<\/p><\/div><\/div><\/div>\n\n\n\n<div class=\"wp-block-uagb-image alignleft uagb-block-7e5dd1ca wp-block-uagb-image--layout-default wp-block-uagb-image--effect-static wp-block-uagb-image--align-left\"><figure class=\"wp-block-uagb-image__figure\"><img decoding=\"async\" srcset=\"https:\/\/website.kommev.de\/wp-content\/uploads\/110000.jpg ,https:\/\/website.kommev.de\/wp-content\/uploads\/110000.jpg 780w, https:\/\/website.kommev.de\/wp-content\/uploads\/110000.jpg 360w\" sizes=\"auto, (max-width: 480px) 150px\" src=\"https:\/\/website.kommev.de\/wp-content\/uploads\/110000.jpg\" alt=\"\" class=\"uag-image-1741\" width=\"368\" height=\"460\" title=\"Design ohne Titel - 6\" loading=\"lazy\" role=\"img\"\/><\/figure><\/div>\n\n\n\n<div class=\"wp-block-uagb-info-box uagb-block-be7a71e7 uagb-infobox__content-wrap  uagb-infobox-icon-above-title uagb-infobox-image-valign-top wp-block-uagb-info-box--has-margin\"><div class=\"uagb-infobox-margin-wrapper\"><div class=\"uagb-ifb-content\"><div class=\"uagb-ifb-title-wrap\"><p class=\"uagb-ifb-title\"><strong>Nino Gelashvili<\/strong><br>Teamleitung <\/p><\/div><p class=\"uagb-ifb-desc\">Tel.: 0176 &#8211; 11 04 56 79<br>E-Mail: n.gelashvili@kommev.de<\/p><\/div><\/div><\/div>\n<\/div>\n\n\n\n<div class=\"wp-block-uagb-container uagb-block-mnpsxlci\">\n<div class=\"wp-block-uagb-info-box uagb-block-7syokgmt uagb-infobox__content-wrap  uagb-infobox-icon-above-title uagb-infobox-image-valign-top wp-block-uagb-info-box--has-margin\"><div class=\"uagb-infobox-margin-wrapper\"><div class=\"uagb-ifb-content\"><div class=\"uagb-ifb-title-wrap\"><\/div><\/div><\/div><\/div>\n\n\n\n<p><\/p>\n<\/div>\n<\/div>\n<\/div><\/div>\n","protected":false},"excerpt":{"rendered":"","protected":false},"author":6,"featured_media":0,"parent":0,"menu_order":0,"comment_status":"closed","ping_status":"closed","template":"","meta":{"_uag_custom_page_level_css":"","footnotes":""},"class_list":["post-1926","page","type-page","status-publish","hentry"],"blocksy_meta":{"has_hero_section":"disabled","styles_descriptor":{"styles":{"desktop":"","tablet":"","mobile":""},"google_fonts":[],"version":6}},"uagb_featured_image_src":{"full":false,"thumbnail":false,"medium":false,"medium_large":false,"large":false,"1536x1536":false,"2048x2048":false},"uagb_author_info":{"display_name":"Marcel K\u00f6nig","author_link":"https:\/\/website.kommev.de\/?author=6"},"uagb_comment_info":0,"uagb_excerpt":null,"_links":{"self":[{"href":"https:\/\/website.kommev.de\/index.php?rest_route=\/wp\/v2\/pages\/1926","targetHints":{"allow":["GET"]}}],"collection":[{"href":"https:\/\/website.kommev.de\/index.php?rest_route=\/wp\/v2\/pages"}],"about":[{"href":"https:\/\/website.kommev.de\/index.php?rest_route=\/wp\/v2\/types\/page"}],"author":[{"embeddable":true,"href":"https:\/\/website.kommev.de\/index.php?rest_route=\/wp\/v2\/users\/6"}],"replies":[{"embeddable":true,"href":"https:\/\/website.kommev.de\/index.php?rest_route=%2Fwp%2Fv2%2Fcomments&post=1926"}],"version-history":[{"count":9,"href":"https:\/\/website.kommev.de\/index.php?rest_route=\/wp\/v2\/pages\/1926\/revisions"}],"predecessor-version":[{"id":2003,"href":"https:\/\/website.kommev.de\/index.php?rest_route=\/wp\/v2\/pages\/1926\/revisions\/2003"}],"wp:attachment":[{"href":"https:\/\/website.kommev.de\/index.php?rest_route=%2Fwp%2Fv2%2Fmedia&parent=1926"}],"curies":[{"name":"wp","href":"https:\/\/api.w.org\/{rel}","templated":true}]}}