{"id":19,"date":"2022-02-02T17:29:26","date_gmt":"2022-02-02T16:29:26","guid":{"rendered":"https:\/\/komm.suprd.com\/?page_id=19"},"modified":"2024-04-19T12:15:39","modified_gmt":"2024-04-19T11:15:39","slug":"eingliederungshilfe","status":"publish","type":"page","link":"https:\/\/website.kommev.de\/?page_id=19","title":{"rendered":"Soziale Teilhabe"},"content":{"rendered":"\n<p>Unterst\u00fctzung einer m\u00f6glichst selbstbestimmten und eigenverantwortlichen Lebensf\u00fchrung im eigenen Wohnraum und die Einbindung in das soziale Umfeld sind f\u00fcr uns wichtige Ziele. Wir f\u00f6rdern ein gleichberechtigtes Miteinander von Menschen mit und ohne Einschr\u00e4nkungen. Wir arbeiten sozialr\u00e4umlich und sehen es als unsere Aufgabe an, im Stadtgebiet Frankfurt Teilhabebarrieren zu reduzieren.<br>Unsere ambulanten Angebote bieten individuelle, bedarfsgerechte L\u00f6sungen unter dem Dach eines Leistungserbringers. Die Kombination verschiedener Leistungen und Beziehungskontinuit\u00e4t erm\u00f6glichen wir durch vielf\u00e4ltige Hilfeangebote. Die Beziehungen zu unseren Klient<em>innen gestalten wir achtsam, annehmend und professionell. Wertsch\u00e4tzung und Ressourcenorientiertheit sind uns wichtig bei der Ausgestaltung der Hilfen. Wir achten auf die Bed\u00fcrfnisse und messen uns an der Zufriedenheit unserer Klient<\/em>innen. Die Qualit\u00e4t unserer Dienstleistungen wird getragen von Fachlichkeit, Verantwortungsbewusstsein und Engagement. Es ist uns wichtig, unsere professionelle und soziale Kompetenz st\u00e4ndig zu erweitern.<br>Wir sind Teil eines Netzwerkes von Leistungserbringern der Eingliederungshilfe. Um ein bestm\u00f6gliches Unterst\u00fctzungssetting f\u00fcr unsere Klient*innen anbieten zu k\u00f6nnen, kooperieren wir mit Leistungserbringern mit anderen Schwerpunkten. Wir sind als Komplexorganisation Impulsgeberin f\u00fcr die Weiterentwicklung der Leistungen sozialer Teilhabe in Frankfurt.<\/p>\n\n\n\n<p>Mit unserem Angebot von qualifizierter und kompensatorischer Assistenz bieten wir Menschen mit kognitiven Einschr\u00e4nkungen, Mehrfachbehinderungen oder k\u00f6rperlichen Behinderungen, die in einer eigenen Wohnung oder in Wohn\u00adgemeinschaften leben m\u00f6chten, Hilfen zur Verselbst\u00e4ndigung und zur Organisation des Alltags an.<\/p>\n\n\n\n<p><\/p>\n\n\n\n<figure class=\"wp-block-image size-large\"><img loading=\"lazy\" decoding=\"async\" width=\"1024\" height=\"632\" src=\"https:\/\/website.kommev.de\/wp-content\/uploads\/teilhabeleistung-1024x632.jpg\" alt=\"\" class=\"wp-image-1256\" srcset=\"https:\/\/website.kommev.de\/wp-content\/uploads\/teilhabeleistung-1024x632.jpg 1024w, https:\/\/website.kommev.de\/wp-content\/uploads\/teilhabeleistung-450x278.jpg 450w, https:\/\/website.kommev.de\/wp-content\/uploads\/teilhabeleistung-768x474.jpg 768w, https:\/\/website.kommev.de\/wp-content\/uploads\/teilhabeleistung-1536x948.jpg 1536w, https:\/\/website.kommev.de\/wp-content\/uploads\/teilhabeleistung.jpg 1837w\" sizes=\"auto, (max-width: 1024px) 100vw, 1024px\" \/><\/figure>\n","protected":false},"excerpt":{"rendered":"<p>Unterst\u00fctzung einer m\u00f6glichst selbstbestimmten und eigenverantwortlichen Lebensf\u00fchrung im eigenen Wohnraum und die Einbindung in das soziale Umfeld sind f\u00fcr uns wichtige Ziele. Wir f\u00f6rdern ein gleichberechtigtes Miteinander von Menschen mit und ohne Einschr\u00e4nkungen. Wir arbeiten sozialr\u00e4umlich und sehen es als unsere Aufgabe an, im Stadtgebiet Frankfurt Teilhabebarrieren zu reduzieren.Unsere ambulanten Angebote bieten individuelle, bedarfsgerechte L\u00f6sungen [&hellip;]<\/p>\n","protected":false},"author":4,"featured_media":0,"parent":0,"menu_order":0,"comment_status":"closed","ping_status":"closed","template":"","meta":{"_uag_custom_page_level_css":"","footnotes":""},"class_list":["post-19","page","type-page","status-publish","hentry"],"blocksy_meta":{"styles_descriptor":{"styles":{"desktop":"","tablet":"","mobile":""},"google_fonts":[],"version":6}},"uagb_featured_image_src":{"full":false,"thumbnail":false,"medium":false,"medium_large":false,"large":false,"1536x1536":false,"2048x2048":false},"uagb_author_info":{"display_name":"WP-Admin-01","author_link":"https:\/\/website.kommev.de\/?author=4"},"uagb_comment_info":0,"uagb_excerpt":"Unterst\u00fctzung einer m\u00f6glichst selbstbestimmten und eigenverantwortlichen Lebensf\u00fchrung im eigenen Wohnraum und die Einbindung in das soziale Umfeld sind f\u00fcr uns wichtige Ziele. Wir f\u00f6rdern ein gleichberechtigtes Miteinander von Menschen mit und ohne Einschr\u00e4nkungen. Wir arbeiten sozialr\u00e4umlich und sehen es als unsere Aufgabe an, im Stadtgebiet Frankfurt Teilhabebarrieren zu reduzieren.Unsere ambulanten Angebote bieten individuelle, bedarfsgerechte L\u00f6sungen&hellip;","_links":{"self":[{"href":"https:\/\/website.kommev.de\/index.php?rest_route=\/wp\/v2\/pages\/19","targetHints":{"allow":["GET"]}}],"collection":[{"href":"https:\/\/website.kommev.de\/index.php?rest_route=\/wp\/v2\/pages"}],"about":[{"href":"https:\/\/website.kommev.de\/index.php?rest_route=\/wp\/v2\/types\/page"}],"author":[{"embeddable":true,"href":"https:\/\/website.kommev.de\/index.php?rest_route=\/wp\/v2\/users\/4"}],"replies":[{"embeddable":true,"href":"https:\/\/website.kommev.de\/index.php?rest_route=%2Fwp%2Fv2%2Fcomments&post=19"}],"version-history":[{"count":10,"href":"https:\/\/website.kommev.de\/index.php?rest_route=\/wp\/v2\/pages\/19\/revisions"}],"predecessor-version":[{"id":1925,"href":"https:\/\/website.kommev.de\/index.php?rest_route=\/wp\/v2\/pages\/19\/revisions\/1925"}],"wp:attachment":[{"href":"https:\/\/website.kommev.de\/index.php?rest_route=%2Fwp%2Fv2%2Fmedia&parent=19"}],"curies":[{"name":"wp","href":"https:\/\/api.w.org\/{rel}","templated":true}]}}