{"id":189,"date":"2022-02-14T15:45:28","date_gmt":"2022-02-14T12:45:28","guid":{"rendered":"https:\/\/komm.suprd.com\/?page_id=189"},"modified":"2024-09-03T14:25:09","modified_gmt":"2024-09-03T13:25:09","slug":"der-verein","status":"publish","type":"page","link":"https:\/\/website.kommev.de\/?page_id=189","title":{"rendered":"Der Verein"},"content":{"rendered":"<figure style=\"width:100%;\" class=\"wp-block-post-featured-image\"><img loading=\"lazy\" decoding=\"async\" width=\"1632\" height=\"1024\" src=\"https:\/\/website.kommev.de\/wp-content\/uploads\/komm-startpage-team-02-2.jpg\" class=\"attachment-post-thumbnail size-post-thumbnail wp-post-image\" alt=\"\" style=\"object-fit:cover;\" srcset=\"https:\/\/website.kommev.de\/wp-content\/uploads\/komm-startpage-team-02-2.jpg 1632w, https:\/\/website.kommev.de\/wp-content\/uploads\/komm-startpage-team-02-2-450x282.jpg 450w, https:\/\/website.kommev.de\/wp-content\/uploads\/komm-startpage-team-02-2-1024x643.jpg 1024w, https:\/\/website.kommev.de\/wp-content\/uploads\/komm-startpage-team-02-2-768x482.jpg 768w, https:\/\/website.kommev.de\/wp-content\/uploads\/komm-startpage-team-02-2-1536x964.jpg 1536w\" sizes=\"auto, (max-width: 1632px) 100vw, 1632px\" \/><\/figure>\n\n<p>&nbsp;<\/p>\n\n\n<h3 class=\"gb-headline gb-headline-e3a931fb gb-headline-text\">Wer wir sind<\/h3>\n\n\n\n<p>KOMM Ambulante Dienste e.V. ist seit 1982 als anerkannter Tr\u00e4ger in Frankfurt am Main t\u00e4tig und bietet eine differenzierte und vernetzte Angebotspalette in den Bereichen Altenhilfe, Behindertenhilfe und Kinder- und Jugendhilfe.<\/p>\n\n\n\n<p>Der Verein ist Mitglied im Wohlfahrtsverband Der PARIT\u00c4TISCHE Landesverband Hessen e.V. und besch\u00e4ftigt rund 250 Mitarbeiter\/innen in folgenden Bereichen:<\/p>\n\n\n\n<ul class=\"wp-block-list\">\n<li>H\u00e4usliche Alten- und Krankenpflege<\/li>\n\n\n\n<li>Pers\u00f6nliche Assistenz f\u00fcr Menschen mit k\u00f6rperlichen Behinderungen<\/li>\n\n\n\n<li>Qualifizierte und kompensatorische Assistenz im Rahmen der sozialen Teilhabe<\/li>\n\n\n\n<li>Hilfen f\u00fcr Kinder, Jugendliche und Familien<\/li>\n\n\n\n<li>Soziale Beratung f\u00fcr Menschen mit Behinderungen und deren Angeh\u00f6rigen<\/li>\n\n\n\n<li>Projekte (Wohngemeinschaft, Wohnprojekte, Kunstprojekte, Angebote im Freizeitbereich)<\/li>\n<\/ul>\n\n\n\n<p>Alle Unterst\u00fctzungsleistungen haben zum Ziel den Hilfesuchenden die jeweils geeignete, individuell notwendige und angemessene Hilfe anzubieten.<\/p>\n\n\n\n<h3 class=\"wp-block-heading\">Infos zum Verein<\/h3>\n\n\n\n<ul class=\"wp-block-list\">\n<li><strong>Gemeinn\u00fctzigkeit<\/strong><br>Der Verein KOMM Ambulante Dienste e.V. ist ein eingetragener Verein mit Sitz in Frankfurt am Main. Er verfolgt ausschlie\u00dflich gemeinn\u00fctzige und mildt\u00e4tige Zwecke.<\/li>\n\n\n\n<li><strong>Zweck<\/strong><br>Folgende Zwecke sind in der Satzung festgelegt: Zweck des Vereins ist die F\u00f6rderung der Jugend-, Behinderten- und Altenhilfe sowie die F\u00f6rderung von Erziehung und Bildung. Dies geschieht durch geeignete Hilfeangebote f\u00fcr alte und kranke Menschen sowie Menschen mit Behinderungen mit dem Ziel, ihnen den gewohnten Lebensraum zu erhalten und sie bei der F\u00fchrung eines unabh\u00e4ngigen, eigenverantwortlichen Lebens zu unterst\u00fctzen.<br>Hilfeangebote f\u00fcr Kinder, Jugendliche und Familien werden mit dem Ziel erbracht, die Entwicklung junger Menschen zu einer eigenverantwortlichen und gemeinschaftsf\u00e4higen Pers\u00f6nlichkeit zu unterst\u00fctzen.<br>Die F\u00f6rderung von Eingliederung, pers\u00f6nlicher Entwicklung und Teilhabe am gesellschaftlichen Leben ist zentraler Bestandteil der Zielrichtung.<br><br>Der Verein verfolgt seine Ziele insbesondere durch:<\/li>\n<\/ul>\n\n\n\n<ol class=\"wp-block-list\">\n<li>Pflegeleistungen, Betreuungsangebote und sozialp\u00e4dagogische Unterst\u00fctzungsma\u00dfnahmen<\/li>\n\n\n\n<li>Ma\u00dfnahmen zur F\u00f6rderung der sozialen Teilhabe, Integration und Inklusion<\/li>\n\n\n\n<li>Ma\u00dfnahmen, Dienste und Einrichtungen der Kinder- und Jugendhilfe<\/li>\n\n\n\n<li>Beratung und Entlastung von Angeh\u00f6rigen<\/li>\n\n\n\n<li>Durchf\u00fchrung begleitender Ma\u00dfnahmen , insbesondere Aktivit\u00e4ten zur F\u00f6rderung der Teilnahme am gesellschaftlichen Leben wie z.B. Freizeitma\u00dfnahmen und Urlaubsreisen<\/li>\n\n\n\n<li>Beratungsangebote f\u00fcr Hilfesuchende und Angeh\u00f6rige&nbsp;<\/li>\n<\/ol>\n\n\n<div class=\"gb-container gb-container-fd230ed7 alignwide\"><div class=\"gb-inside-container\">\n<div class=\"gb-grid-wrapper gb-grid-wrapper-56ede4e2\">\n\n\n\n\n\n<\/div>\n<\/div><\/div>\n\n<div class=\"gb-container gb-container-1cff9524\"><div class=\"gb-inside-container\">\n\n\n<div class=\"lightweight-accordion has-background\"><details><summary class=\"lightweight-accordion-title\" style=\"background:var(--theme-palette-color-8, #ffffff);\"><span>Philosophie<\/span><\/summary><div class=\"lightweight-accordion-body\" style=\"border-color:var(--theme-palette-color-8, #ffffff);\">\n\n<p>Im Mittelpunkt unserer Angebote stehen alte Menschen, Menschen mit Behinderungen sowie Familien, Kinder und Jugendliche. Ihre individuellen Bedarfe, ihre Ziele, ihre Ressourcen, ihre Lebensgeschichte und sowie das jeweilige Lebensumfeld werden bei der Hilfeplanung und Durchf\u00fchrung der Hilfen ber\u00fccksichtigt.<\/p>\n\n\n\n<p>Alle Angebote folgen dem Selbstverst\u00e4ndnis Lebensbedingungen f\u00fcr unsere Klientel so mitzugestalten, dass soziale Integration ins gesellschaftliche Umfeld erm\u00f6glicht und Entwicklung und Selbstbestimmung gef\u00f6rdert wird.<\/p>\n\n\n\n<p>Unsere Dienstleistungen sind&nbsp; nach dem Bausteinprinzip aufgebaut und k\u00f6nnen durch interne Vernetzung auch bereichs\u00fcbergreifend erbracht werden.<\/p>\n\n<\/div><\/details><\/div>\n\n<div class=\"lightweight-accordion has-background\"><details><summary class=\"lightweight-accordion-title\" style=\"background:var(--theme-palette-color-8, #ffffff);\"><span>Ziele<\/span><\/summary><div class=\"lightweight-accordion-body\" style=\"border-color:var(--theme-palette-color-8, #ffffff);\">\n\n<p>Ziel des Vereins KOMM Ambulante Dienste e.V. ist es, dazu beizutragen, die Lebenssituation behinderter und alter Menschen sowie von besonderen Belastungen betroffenen Familien zu verbessern.<\/p>\n\n\n\n<ul class=\"wp-block-list\">\n<li>Unsere Hilfeleistungen haben zum Ziel:<\/li>\n\n\n\n<li>eine selbstbestimmte Entwicklung und Lebensf\u00fchrung<\/li>\n\n\n\n<li>die Selbsthilfef\u00e4higkeit zu f\u00f6rdern<\/li>\n\n\n\n<li>Selbst\u00e4ndigkeit und Eigenverantwortlichkeit zu erhalten<\/li>\n\n\n\n<li>soziale Netzwerke zu aktivieren<\/li>\n\n\n\n<li>eine subjektiv befriedigende Lebensqualit\u00e4t<\/li>\n\n\n\n<li>gesellschaftliche Teilhabe<\/li>\n<\/ul>\n\n\n\n<p>Unsere spezifischen Ziele in der Arbeit mit Familien sind:<\/p>\n\n\n\n<ul class=\"wp-block-list\">\n<li>Die St\u00e4rkung von Erziehungskompetenzen<\/li>\n\n\n\n<li>Die F\u00f6rderung der Entwicklung von Kindern<\/li>\n<\/ul>\n\n<\/div><\/details><\/div>\n\n<div class=\"lightweight-accordion has-background\"><details><summary class=\"lightweight-accordion-title\" style=\"background:var(--theme-palette-color-8, #ffffff);\"><span>Vorstand<\/span><\/summary><div class=\"lightweight-accordion-body\" style=\"border-color:var(--theme-palette-color-8, #ffffff);\">\n\n<p>Der ehrenamtliche Vorstand des Vereins KOMM Ambulante Dienste e.V. besteht aus drei Mitgliedern:<\/p>\n\n\n\n<ul class=\"wp-block-list\">\n<li>Axel Fuchs (Gesch\u00e4ftsf\u00fchrer)<\/li>\n\n\n\n<li>Steffen Hensel<\/li>\n\n\n\n<li>Daniela Richter<\/li>\n\n\n\n<li>Prof. Dr. Helmut Schellhorn<\/li>\n<\/ul>\n\n<\/div><\/details><\/div>\n\n<div class=\"lightweight-accordion has-background\"><details><summary class=\"lightweight-accordion-title\" style=\"background:var(--theme-palette-color-8, #ffffff);\"><span>Gesch\u00e4ftsf\u00fchrungsteam<\/span><\/summary><div class=\"lightweight-accordion-body\" style=\"border-color:var(--theme-palette-color-8, #ffffff);\">\n\n<p><\/p>\n\n\n\n<ul class=\"wp-block-list\">\n<li>Axel Fuchs<\/li>\n\n\n\n<li>Christina Enders<\/li>\n\n\n\n<li>Martin Wein\u00df<\/li>\n\n\n\n<li>Sarah Davila<\/li>\n<\/ul>\n\n<\/div><\/details><\/div>\n\n\n<\/div><\/div>\n\n\n\n\n<div class=\"wp-block-cb-carousel\" data-slick=\"{&quot;slidesToShow&quot;:4,&quot;slidesToScroll&quot;:1,&quot;speed&quot;:300,&quot;arrows&quot;:true,&quot;dots&quot;:false,&quot;autoplay&quot;:true,&quot;autoplaySpeed&quot;:3000,&quot;infinite&quot;:true,&quot;responsive&quot;:[{&quot;breakpoint&quot;:701,&quot;settings&quot;:{&quot;slidesToShow&quot;:2,&quot;slidesToScroll&quot;:1}}]}\">\n<div class=\"wp-block-cb-slide\"><\/div>\n\n\n\n<div class=\"wp-block-cb-slide\"><\/div>\n\n\n\n<div class=\"wp-block-cb-slide\"><\/div>\n\n\n\n<div class=\"wp-block-cb-slide\"><\/div>\n\n\n\n<div class=\"wp-block-cb-slide\"><\/div>\n<\/div>\n","protected":false},"excerpt":{"rendered":"<p>&nbsp; Wer wir sind KOMM Ambulante Dienste e.V. ist seit 1982 als anerkannter Tr\u00e4ger in Frankfurt am Main t\u00e4tig und bietet eine differenzierte und vernetzte Angebotspalette in den Bereichen Altenhilfe, Behindertenhilfe und Kinder- und Jugendhilfe. Der Verein ist Mitglied im Wohlfahrtsverband Der PARIT\u00c4TISCHE Landesverband Hessen e.V. und besch\u00e4ftigt rund 250 Mitarbeiter\/innen in folgenden Bereichen: Alle [&hellip;]<\/p>\n","protected":false},"author":4,"featured_media":1152,"parent":0,"menu_order":0,"comment_status":"closed","ping_status":"closed","template":"","meta":{"_uag_custom_page_level_css":"","footnotes":""},"class_list":["post-189","page","type-page","status-publish","has-post-thumbnail","hentry"],"blocksy_meta":{"page_title_panel":"","has_hero_section":"default","b48bdfed1ae7f60092fb8490d029f5d8":"","hero_section":"type-1","hero_elements":[{"id":"custom_title","enabled":true,"heading_tag":"h1","title":"Home"},{"id":"custom_description","enabled":true,"description_visibility":{"desktop":true,"tablet":true,"mobile":false}},{"id":"custom_meta","enabled":false,"meta_elements":[{"id":"author","enabled":true,"label":"By","has_author_avatar":"yes","avatar_size":25},{"id":"post_date","enabled":true,"label":"On","date_format_source":"default","date_format":"M j, Y"},{"id":"updated_date","enabled":false,"label":"On","date_format_source":"default","date_format":"M j, Y"},{"id":"categories","enabled":false,"label":"In","style":"simple"},{"id":"comments","enabled":true}],"page_meta_elements":{"joined":true,"articles_count":true,"comments":true}},{"id":"breadcrumbs","enabled":false}],"6cc942bd7b518dc9fba6b3c2d6ad50c4":"","hero_alignment1":"CT_CSS_SKIP_RULE","hero_margin":40,"hero_alignment2":"center","hero_vertical_alignment":"center","94dc5ca2129a203badb7516e934c357a":"","hero_structure":"narrow","ff8ab5e9b8a2ad2661f053accd34306b":"","page_title_bg_type":"featured_image","custom_hero_background":{"attachment_id":null},"parallax":{"desktop":false,"tablet":false,"mobile":false},"cc2b166117991ea68a9858845f57316f":"","hero_height":"250px","pageTitleFont":{"family":"Default","variation":"Default","size":"30px","line-height":"CT_CSS_SKIP_RULE","letter-spacing":"CT_CSS_SKIP_RULE","text-transform":"CT_CSS_SKIP_RULE","text-decoration":"CT_CSS_SKIP_RULE"},"pageTitleFontColor":{"default":{"color":"CT_CSS_SKIP_RULEDEFAULT"}},"pageMetaFont":{"family":"Default","variation":"n6","size":"12px","line-height":"1.3","letter-spacing":"CT_CSS_SKIP_RULE","text-transform":"uppercase","text-decoration":"CT_CSS_SKIP_RULE"},"pageMetaFontColor":{"default":{"color":"CT_CSS_SKIP_RULEDEFAULT"},"hover":{"color":"CT_CSS_SKIP_RULEDEFAULT"}},"page_meta_button_type_font_colors":{"default":{"color":"CT_CSS_SKIP_RULEDEFAULT"},"hover":{"color":"CT_CSS_SKIP_RULEDEFAULT"}},"page_meta_button_type_background_colors":{"default":{"color":"CT_CSS_SKIP_RULEDEFAULT"},"hover":{"color":"CT_CSS_SKIP_RULEDEFAULT"}},"pageExcerptFont":{"family":"Default","variation":"Default","size":"CT_CSS_SKIP_RULE","line-height":"CT_CSS_SKIP_RULE","letter-spacing":"CT_CSS_SKIP_RULE","text-transform":"CT_CSS_SKIP_RULE","text-decoration":"CT_CSS_SKIP_RULE"},"pageExcerptColor":{"default":{"color":"CT_CSS_SKIP_RULEDEFAULT"}},"breadcrumbsFont":{"family":"Default","variation":"Default","size":"CT_CSS_SKIP_RULE","line-height":"CT_CSS_SKIP_RULE","letter-spacing":"CT_CSS_SKIP_RULE","text-transform":"CT_CSS_SKIP_RULE","text-decoration":"CT_CSS_SKIP_RULE"},"breadcrumbsFontColor":{"default":{"color":"CT_CSS_SKIP_RULEDEFAULT"},"initial":{"color":"CT_CSS_SKIP_RULEDEFAULT"},"hover":{"color":"CT_CSS_SKIP_RULEDEFAULT"}},"pageTitleOverlay":{"background_type":"color","background_pattern":"type-1","background_image":{"attachment_id":null,"x":0,"y":0},"gradient":"linear-gradient(135deg,rgba(6,147,227,1) 0%,rgb(155,81,224) 100%)","background_repeat":"repeat","background_size":"auto","background_attachment":"scroll","patternColor":{"default":{"color":"#e5e7ea"}},"overlayColor":{"default":{"color":"CT_CSS_SKIP_RULE"}},"backgroundColor":{"default":{"color":"CT_CSS_SKIP_RULE"}}},"pageTitleBackground":{"background_type":"color","background_pattern":"type-1","background_image":{"attachment_id":null,"x":0,"y":0},"gradient":"linear-gradient(135deg,rgba(6,147,227,1) 0%,rgb(155,81,224) 100%)","background_repeat":"repeat","background_size":"auto","background_attachment":"scroll","patternColor":{"default":{"color":"#e5e7ea"}},"overlayColor":{"default":{"color":"CT_CSS_SKIP_RULE"}},"backgroundColor":{"default":{"color":"var(--theme-palette-color-6)"}}},"pageTitlePadding":{"top":"50px","bottom":"50px","left":"auto","right":"auto","linked":true},"0fe98d3f167b6f64c0d38015497a847a":"","page_structure_type":"default","94a876b3aab510c8104ee8358af4fec9":"","content_style_source":"inherit","content_style":"wide","vertical_spacing_source":"inherit","content_area_spacing":"both","background":{"background_type":"color","background_pattern":"type-1","background_image":{"attachment_id":null,"x":0,"y":0},"gradient":"linear-gradient(135deg,rgba(6,147,227,1) 0%,rgb(155,81,224) 100%)","background_repeat":"repeat","background_size":"auto","background_attachment":"scroll","patternColor":{"default":{"color":"#e5e7ea"}},"overlayColor":{"default":{"color":"CT_CSS_SKIP_RULE"}},"backgroundColor":{"default":{"color":"CT_CSS_SKIP_RULE"}}},"content_background":{"background_type":"color","background_pattern":"type-1","background_image":{"attachment_id":null,"x":0,"y":0},"gradient":"linear-gradient(135deg,rgba(6,147,227,1) 0%,rgb(155,81,224) 100%)","background_repeat":"repeat","background_size":"auto","background_attachment":"scroll","patternColor":{"default":{"color":"#e5e7ea"}},"overlayColor":{"default":{"color":"CT_CSS_SKIP_RULE"}},"backgroundColor":{"default":{"color":"var(--theme-palette-color-8)"}}},"content_boxed_shadow":{"inherit":false,"blur":18,"spread":-6,"v_offset":12,"h_offset":0,"inset":false,"enable":true,"color":{"color":"rgba(34, 56, 101, 0.04)"}},"boxed_content_spacing":{"desktop":{"top":"40px","bottom":"40px","left":"40px","right":"40px","linked":true},"tablet":{"top":"35px","bottom":"35px","left":"35px","right":"35px","linked":true},"mobile":{"top":"20px","bottom":"20px","left":"20px","right":"20px","linked":true}},"content_boxed_radius":{"top":"3px","bottom":"3px","left":"3px","right":"3px","linked":true},"5bb312f3caeeac10729e98c6eaade58a":"","disable_featured_image":"no","disable_share_box":"no","disable_header":"no","disable_footer":"no","styles_descriptor":{"styles":{"desktop":"","tablet":"","mobile":""},"google_fonts":[],"version":6},"df98709a57d6cf13f5f08f47d7df5a73":"","16fabfd8d197a98d5de0688303dffe8c":"","1a7b75c62217845f994806c31d0f6bb6":"","ab52324af861209a5edba28e4b52312d":"","fa3743b1af599db52d9878b06b40603f":"","c05050ad559e5d6d8218ed6bd5af4394":"","81f4f36b58aff2d458ca7382283c2520":"","cc587ff3dd078425a7a96ca67503a11f":""},"uagb_featured_image_src":{"full":["https:\/\/website.kommev.de\/wp-content\/uploads\/komm-startpage-team-02-2.jpg",1632,1024,false],"thumbnail":["https:\/\/website.kommev.de\/wp-content\/uploads\/komm-startpage-team-02-2-150x150.jpg",150,150,true],"medium":["https:\/\/website.kommev.de\/wp-content\/uploads\/komm-startpage-team-02-2-450x282.jpg",450,282,true],"medium_large":["https:\/\/website.kommev.de\/wp-content\/uploads\/komm-startpage-team-02-2-768x482.jpg",768,482,true],"large":["https:\/\/website.kommev.de\/wp-content\/uploads\/komm-startpage-team-02-2-1024x643.jpg",1024,643,true],"1536x1536":["https:\/\/website.kommev.de\/wp-content\/uploads\/komm-startpage-team-02-2-1536x964.jpg",1536,964,true],"2048x2048":["https:\/\/website.kommev.de\/wp-content\/uploads\/komm-startpage-team-02-2.jpg",1632,1024,false]},"uagb_author_info":{"display_name":"WP-Admin-01","author_link":"https:\/\/website.kommev.de\/?author=4"},"uagb_comment_info":0,"uagb_excerpt":"&nbsp; Wer wir sind KOMM Ambulante Dienste e.V. ist seit 1982 als anerkannter Tr\u00e4ger in Frankfurt am Main t\u00e4tig und bietet eine differenzierte und vernetzte Angebotspalette in den Bereichen Altenhilfe, Behindertenhilfe und Kinder- und Jugendhilfe. Der Verein ist Mitglied im Wohlfahrtsverband Der PARIT\u00c4TISCHE Landesverband Hessen e.V. und besch\u00e4ftigt rund 250 Mitarbeiter\/innen in folgenden Bereichen: Alle&hellip;","_links":{"self":[{"href":"https:\/\/website.kommev.de\/index.php?rest_route=\/wp\/v2\/pages\/189","targetHints":{"allow":["GET"]}}],"collection":[{"href":"https:\/\/website.kommev.de\/index.php?rest_route=\/wp\/v2\/pages"}],"about":[{"href":"https:\/\/website.kommev.de\/index.php?rest_route=\/wp\/v2\/types\/page"}],"author":[{"embeddable":true,"href":"https:\/\/website.kommev.de\/index.php?rest_route=\/wp\/v2\/users\/4"}],"replies":[{"embeddable":true,"href":"https:\/\/website.kommev.de\/index.php?rest_route=%2Fwp%2Fv2%2Fcomments&post=189"}],"version-history":[{"count":11,"href":"https:\/\/website.kommev.de\/index.php?rest_route=\/wp\/v2\/pages\/189\/revisions"}],"predecessor-version":[{"id":1295,"href":"https:\/\/website.kommev.de\/index.php?rest_route=\/wp\/v2\/pages\/189\/revisions\/1295"}],"wp:featuredmedia":[{"embeddable":true,"href":"https:\/\/website.kommev.de\/index.php?rest_route=\/wp\/v2\/media\/1152"}],"wp:attachment":[{"href":"https:\/\/website.kommev.de\/index.php?rest_route=%2Fwp%2Fv2%2Fmedia&parent=189"}],"curies":[{"name":"wp","href":"https:\/\/api.w.org\/{rel}","templated":true}]}}