{"id":1862,"date":"2025-11-29T21:58:51","date_gmt":"2025-11-29T20:58:51","guid":{"rendered":"https:\/\/website.kommev.de\/?page_id=1862"},"modified":"2026-03-06T14:18:26","modified_gmt":"2026-03-06T13:18:26","slug":"pflege-neu-2","status":"publish","type":"page","link":"https:\/\/website.kommev.de\/?page_id=1862","title":{"rendered":"PFLEGE NEU 2"},"content":{"rendered":"\n<p><\/p>\n\n\n\n<div data-aos= \"flip-right\" data-aos-duration=\"400\" data-aos-delay=\"0\" data-aos-easing=\"ease\" data-aos-once=\"true\" class=\"wp-block-uagb-container uagb-block-zgnwtgoa alignfull uagb-is-root-container\"><div class=\"uagb-container-inner-blocks-wrap\">\n<div class=\"wp-block-uagb-image alignleft uagb-block-h7xve9uu wp-block-uagb-image--layout-default wp-block-uagb-image--effect-static wp-block-uagb-image--align-left\"><figure class=\"wp-block-uagb-image__figure\"><img decoding=\"async\" srcset=\"https:\/\/website.kommev.de\/wp-content\/uploads\/123-1024x576.jpeg ,https:\/\/website.kommev.de\/wp-content\/uploads\/123.jpeg 780w, https:\/\/website.kommev.de\/wp-content\/uploads\/123.jpeg 360w\" sizes=\"auto, (max-width: 480px) 150px\" src=\"https:\/\/website.kommev.de\/wp-content\/uploads\/123-1024x576.jpeg\" alt=\"\" class=\"uag-image-1966\" width=\"600\" height=\"500\" title=\"123\" loading=\"lazy\" role=\"img\"\/><\/figure><\/div>\n\n\n\n<div class=\"wp-block-uagb-container uagb-block-viv1oj0x\">\n<div class=\"wp-block-uagb-info-box uagb-block-3x8davew uagb-infobox__content-wrap  uagb-infobox-icon-above-title uagb-infobox-image-valign-top\"><div class=\"uagb-ifb-content\"><div class=\"uagb-ifb-title-wrap\"><p class=\"uagb-ifb-title-prefix\">Unterst\u00fctzung aus einer Hand! <\/p><h1 class=\"uagb-ifb-title\">Pflegeleistungen f\u00fcr Frankfurt!<\/h1><\/div><p class=\"uagb-ifb-desc\">Wir erfassen mit Ihnen Ihren individuellen Unterst\u00fctzungsbedarf, planen entlastende Eins\u00e4tze und sorgen f\u00fcr verl\u00e4ssliche Abl\u00e4ufe, genau so, wie es f\u00fcr Sie stimmig ist. Unsere Pflegekr\u00e4fte arbeiten transparent und mit Blick auf das, was Ihnen wichtig ist. Wir unterst\u00fctzen Sie dabei, im eigenen Zuhause sicher und selbstst\u00e4ndig zu bleiben, begleiten Sie im Alltag und \u00fcbernehmen pflegerische Aufgaben.<\/p><\/div><\/div>\n\n\n\n<div class=\"wp-block-uagb-buttons uagb-buttons__outer-wrap uagb-btn__default-btn uagb-btn-tablet__default-btn uagb-btn-mobile__default-btn uagb-block-6tdj10i8\"><div class=\"uagb-buttons__wrap uagb-buttons-layout-wrap \">\n<div class=\"wp-block-uagb-buttons-child uagb-buttons__outer-wrap uagb-block-f81cc546 wp-block-button\"><div class=\"uagb-button__wrapper\"><a class=\"uagb-buttons-repeater wp-block-button__link\" aria-label=\"\" href=\"https:\/\/website.kommev.de\/?page_id=1960 \" rel=\"follow noopener\" target=\"_self\" role=\"button\"><div class=\"uagb-button__link\">Jetzt Erstgespr\u00e4ch vereinbaren<\/div><\/a><\/div><\/div>\n<\/div><\/div>\n<\/div>\n<\/div><\/div>\n\n\n\n<div data-aos= \"slide-down\" data-aos-duration=\"400\" data-aos-delay=\"0\" data-aos-easing=\"ease\" data-aos-once=\"true\" class=\"wp-block-uagb-container uagb-layout-grid uagb-block-cx0xp5bm alignfull uagb-is-root-container\"><div class=\"uagb-container-inner-blocks-wrap\">\n<div class=\"wp-block-uagb-info-box uagb-block-aqvbftgj uagb-infobox__content-wrap  uagb-infobox-icon-above-title uagb-infobox-image-valign-top\"><div class=\"uagb-ifb-content\"><div class=\"uagb-ifb-title-wrap\"><h2 class=\"uagb-ifb-title\">Pflegeleistungen nach Ihren Bed\u00fcrfnissen <\/h2><\/div><\/div><\/div>\n\n\n\n<div class=\"wp-block-uagb-container uagb-layout-grid uagb-block-bgllbqf7\">\n<div class=\"wp-block-uagb-container uagb-block-xm13aigo\">\n<div class=\"wp-block-uagb-info-box uagb-block-s62wgzdd uagb-infobox__content-wrap  uagb-infobox-icon-above-title uagb-infobox-image-valign-top\"><div class=\"uagb-ifb-content\"><div class=\"uagb-ifb-title-wrap\"><h3 class=\"uagb-ifb-title\">Pflegeleistungen nach ihren Bed\u00fcrfnissen <\/h3><\/div><\/div><\/div>\n<\/div>\n\n\n\n<div data-aos= \"fade-right\" data-aos-duration=\"400\" data-aos-delay=\"0\" data-aos-easing=\"ease\" data-aos-once=\"true\" class=\"wp-block-uagb-container uagb-block-uokyu3pj\">\n<figure class=\"wp-block-image size-large is-resized\"><img loading=\"lazy\" decoding=\"async\" width=\"1024\" height=\"958\" src=\"https:\/\/website.kommev.de\/wp-content\/uploads\/7-1-1024x958.png\" alt=\"\" class=\"wp-image-1884\" style=\"width:136px;height:auto\" srcset=\"https:\/\/website.kommev.de\/wp-content\/uploads\/7-1-1024x958.png 1024w, https:\/\/website.kommev.de\/wp-content\/uploads\/7-1-450x421.png 450w, https:\/\/website.kommev.de\/wp-content\/uploads\/7-1-768x718.png 768w, https:\/\/website.kommev.de\/wp-content\/uploads\/7-1.png 1051w\" sizes=\"auto, (max-width: 1024px) 100vw, 1024px\" \/><\/figure>\n\n\n\n<div class=\"wp-block-uagb-info-box uagb-block-krdyenrw uagb-infobox__content-wrap  uagb-infobox-icon-above-title uagb-infobox-image-valign-top\"><div class=\"uagb-ifb-content\"><div class=\"uagb-ifb-title-wrap\"><h3 class=\"uagb-ifb-title\">Grundpflege<\/h3><\/div><p class=\"uagb-ifb-desc\">Die Grundpflege umfasst alle Unterst\u00fctzungen, die Ihren Alltag leichter und sicherer machen: Ern\u00e4hrung, K\u00f6rperpflege, Mobilit\u00e4t und vorbeugende Ma\u00dfnahmen. Unser Team begleitet Sie in Ihrer vertrauten Umgebung und unterst\u00fctzt Sie mit Ruhe, Respekt und fachlicher Kompetenz genau dort, wo es notwendig ist. <\/p><\/div><\/div>\n<\/div>\n\n\n\n<div data-aos= \"fade-right\" data-aos-duration=\"400\" data-aos-delay=\"0\" data-aos-easing=\"ease\" data-aos-once=\"true\" class=\"wp-block-uagb-container uagb-block-mssp1w3m\">\n<figure class=\"wp-block-image size-large is-resized\"><img loading=\"lazy\" decoding=\"async\" width=\"1024\" height=\"976\" src=\"https:\/\/website.kommev.de\/wp-content\/uploads\/5-2-1024x976.png\" alt=\"\" class=\"wp-image-1885\" style=\"width:132px;height:auto\" srcset=\"https:\/\/website.kommev.de\/wp-content\/uploads\/5-2-1024x976.png 1024w, https:\/\/website.kommev.de\/wp-content\/uploads\/5-2-450x429.png 450w, https:\/\/website.kommev.de\/wp-content\/uploads\/5-2-768x732.png 768w, https:\/\/website.kommev.de\/wp-content\/uploads\/5-2.png 1040w\" sizes=\"auto, (max-width: 1024px) 100vw, 1024px\" \/><\/figure>\n\n\n\n<div class=\"wp-block-uagb-info-box uagb-block-nay0opuk uagb-infobox__content-wrap  uagb-infobox-icon-above-title uagb-infobox-image-valign-top\"><div class=\"uagb-ifb-content\"><div class=\"uagb-ifb-title-wrap\"><h3 class=\"uagb-ifb-title\">Behandlungspflege<\/h3><\/div><p class=\"uagb-ifb-desc\">Wenn \u00e4rztlich verordnete Leistungen n\u00f6tig sind, k\u00f6nnen Sie sich auf unsere langj\u00e4hrige Erfahrung verlassen. Ob Medikamentengabe, moderne Wundversorgung oder andere medizinische Ma\u00dfnahmen: Unsere Pflegefachkr\u00e4fte arbeiten sorgf\u00e4ltig, zuverl\u00e4ssig und eng mit Ihrem Hausarzt zusammen. Damit Sie zu Hause bestm\u00f6glich versorgt bleiben.<\/p><\/div><\/div>\n<\/div>\n\n\n\n<div data-aos= \"fade-right\" data-aos-duration=\"400\" data-aos-delay=\"0\" data-aos-easing=\"ease\" data-aos-once=\"true\" class=\"wp-block-uagb-container uagb-block-ej0pl4vn\">\n<figure class=\"wp-block-image size-large is-resized\"><img loading=\"lazy\" decoding=\"async\" width=\"1024\" height=\"972\" src=\"https:\/\/website.kommev.de\/wp-content\/uploads\/000555-1024x972.jpg\" alt=\"\" class=\"wp-image-1889\" style=\"width:133px;height:auto\" srcset=\"https:\/\/website.kommev.de\/wp-content\/uploads\/000555-1024x972.jpg 1024w, https:\/\/website.kommev.de\/wp-content\/uploads\/000555-450x427.jpg 450w, https:\/\/website.kommev.de\/wp-content\/uploads\/000555-768x729.jpg 768w, https:\/\/website.kommev.de\/wp-content\/uploads\/000555.jpg 1046w\" sizes=\"auto, (max-width: 1024px) 100vw, 1024px\" \/><\/figure>\n\n\n\n<div class=\"wp-block-uagb-info-box uagb-block-pxijmscv uagb-infobox__content-wrap  uagb-infobox-icon-above-title uagb-infobox-image-valign-top\"><div class=\"uagb-ifb-content\"><div class=\"uagb-ifb-title-wrap\"><h3 class=\"uagb-ifb-title\">Betreuung und Hauswirtschaft <\/h3><\/div><p class=\"uagb-ifb-desc\">Wir unterst\u00fctzen Sie dabei, in Ihrem Zuhause selbstbestimmt zu leben. In einem pers\u00f6nlichen Gespr\u00e4ch kl\u00e4ren wir Ihren Bedarf und passen unsere Hilfen flexibel an Ihre Lebenssituation an. Ob hauswirtschaftliche Unterst\u00fctzung, alltagsnahe Begleitung oder aktivierende Betreuung: wir sind an Ihrer Seite, damit Sie sich sicher und gut versorgt f\u00fchlen.<\/p><\/div><\/div>\n<\/div>\n\n\n\n<div data-aos= \"fade-right\" data-aos-duration=\"400\" data-aos-delay=\"0\" data-aos-easing=\"ease\" data-aos-once=\"true\" class=\"wp-block-uagb-container uagb-block-5ulriiiu\">\n<figure class=\"wp-block-image size-large is-resized\"><img loading=\"lazy\" decoding=\"async\" width=\"1024\" height=\"967\" src=\"https:\/\/website.kommev.de\/wp-content\/uploads\/112233-3-1024x967.jpg\" alt=\"\" class=\"wp-image-1888\" style=\"width:134px;height:auto\" srcset=\"https:\/\/website.kommev.de\/wp-content\/uploads\/112233-3-1024x967.jpg 1024w, https:\/\/website.kommev.de\/wp-content\/uploads\/112233-3-450x425.jpg 450w, https:\/\/website.kommev.de\/wp-content\/uploads\/112233-3-768x725.jpg 768w, https:\/\/website.kommev.de\/wp-content\/uploads\/112233-3.jpg 1044w\" sizes=\"auto, (max-width: 1024px) 100vw, 1024px\" \/><\/figure>\n\n\n\n<div class=\"wp-block-uagb-info-box uagb-block-wtmlbci5 uagb-infobox__content-wrap  uagb-infobox-icon-above-title uagb-infobox-image-valign-top\"><div class=\"uagb-ifb-content\"><div class=\"uagb-ifb-title-wrap\"><h3 class=\"uagb-ifb-title\">Pflegeberatung <\/h3><\/div><p class=\"uagb-ifb-desc\">Als erfahrener ambulanter Pflegedienst beraten wir Sie zu allen Fragen rund um Ihre h\u00e4usliche Versorgung. Gemeinsam mit Ihnen entwickeln wir einen individuellen Versorgungsplan, der sich an Ihren Bed\u00fcrfnissen orientiert und aufzeigt, welche Leistungen Sie sinnvoll in Anspruch nehmen k\u00f6nnen.<\/p><\/div><\/div>\n<\/div>\n\n\n\n<div data-aos= \"fade-right\" data-aos-duration=\"400\" data-aos-delay=\"0\" data-aos-easing=\"ease\" data-aos-once=\"true\" class=\"wp-block-uagb-container uagb-block-sxkrnpl5\">\n<figure class=\"wp-block-image size-large is-resized\"><img loading=\"lazy\" decoding=\"async\" width=\"1024\" height=\"954\" src=\"https:\/\/website.kommev.de\/wp-content\/uploads\/6-3-1024x954.png\" alt=\"\" class=\"wp-image-1886\" style=\"width:136px;height:auto\" srcset=\"https:\/\/website.kommev.de\/wp-content\/uploads\/6-3-1024x954.png 1024w, https:\/\/website.kommev.de\/wp-content\/uploads\/6-3-450x419.png 450w, https:\/\/website.kommev.de\/wp-content\/uploads\/6-3-768x716.png 768w, https:\/\/website.kommev.de\/wp-content\/uploads\/6-3.png 1040w\" sizes=\"auto, (max-width: 1024px) 100vw, 1024px\" \/><\/figure>\n\n\n\n<div class=\"wp-block-uagb-info-box uagb-block-pcrbzlhz uagb-infobox__content-wrap  uagb-infobox-icon-above-title uagb-infobox-image-valign-top\"><div class=\"uagb-ifb-content\"><div class=\"uagb-ifb-title-wrap\"><h3 class=\"uagb-ifb-title\">Assistenz<\/h3><\/div><p class=\"uagb-ifb-desc\">Unsere Assistenz im Bereich&nbsp;Wohnen in eigener H\u00e4uslichkeit&nbsp;unterst\u00fctzt Sie dabei, Ihr Leben in der eigenen Wohnung selbstst\u00e4ndig und gut organisiert zu f\u00fchren. Wir begleiten dort, wo Unterst\u00fctzung sinnvoll ist. <br>Gemeinsam kl\u00e4ren wir Ihren individuellen Bedarf und passen unsere Hilfen flexibel an Ihre aktuelle Lebenssituation an.<\/p><\/div><\/div>\n<\/div>\n<\/div>\n<\/div><\/div>\n\n\n\n<p><\/p>\n\n\n\n<div class=\"wp-block-uagb-container uagb-block-vcpejydq alignfull uagb-is-root-container\"><div class=\"uagb-container-inner-blocks-wrap\">\n<div data-aos= \"fade-right\" data-aos-duration=\"400\" data-aos-delay=\"0\" data-aos-easing=\"ease\" data-aos-once=\"true\" class=\"wp-block-uagb-info-box uagb-block-prfdwxni uagb-infobox__content-wrap  uagb-infobox-icon-above-title uagb-infobox-image-valign-top\"><div class=\"uagb-ifb-content\"><div class=\"uagb-ifb-title-wrap\"><h2 class=\"uagb-ifb-title\">Ansprechpersonen<\/h2><\/div><\/div><\/div>\n\n\n\n<div data-aos= \"fade-right\" data-aos-duration=\"400\" data-aos-delay=\"0\" data-aos-easing=\"ease\" data-aos-once=\"true\" class=\"wp-block-uagb-container uagb-block-ldthfzmv\">\n<div class=\"wp-block-uagb-container uagb-block-5jybzxb4\">\n<div class=\"wp-block-uagb-image alignleft uagb-block-serqjdcn wp-block-uagb-image--layout-default wp-block-uagb-image--effect-static wp-block-uagb-image--align-left\"><figure class=\"wp-block-uagb-image__figure\"><img decoding=\"async\" srcset=\"https:\/\/website.kommev.de\/wp-content\/uploads\/0000777-768x1024.jpg ,https:\/\/website.kommev.de\/wp-content\/uploads\/0000777.jpg 780w, https:\/\/website.kommev.de\/wp-content\/uploads\/0000777.jpg 360w\" sizes=\"auto, (max-width: 480px) 150px\" src=\"https:\/\/website.kommev.de\/wp-content\/uploads\/0000777-768x1024.jpg\" alt=\"\" class=\"uag-image-1899\" width=\"368\" height=\"460\" title=\"Bahmand Carpos - 9\" loading=\"lazy\" role=\"img\"\/><\/figure><\/div>\n\n\n\n<div class=\"wp-block-uagb-info-box uagb-block-5jubpqm4 uagb-infobox__content-wrap  uagb-infobox-icon-above-title uagb-infobox-image-valign-top wp-block-uagb-info-box--has-margin\"><div class=\"uagb-infobox-margin-wrapper\"><div class=\"uagb-ifb-content\"><div class=\"uagb-ifb-title-wrap\"><p class=\"uagb-ifb-title\"><strong>Bahmand Carpos <\/strong><br>Pflegedienstleitung <\/p><\/div><p class=\"uagb-ifb-desc\">Tel.: &nbsp;0176 \u2013 19519065<br>E-Mail: b.carpos@kommev.de<\/p><\/div><\/div><\/div>\n<\/div>\n\n\n\n<div class=\"wp-block-uagb-container uagb-block-g7h9ythr\">\n<div class=\"wp-block-uagb-image alignleft uagb-block-8b215d06 wp-block-uagb-image--layout-default wp-block-uagb-image--effect-static wp-block-uagb-image--align-left\"><figure class=\"wp-block-uagb-image__figure\"><img decoding=\"async\" srcset=\"https:\/\/website.kommev.de\/wp-content\/uploads\/00123456-1024x1024.jpg ,https:\/\/website.kommev.de\/wp-content\/uploads\/00123456.jpg 780w, https:\/\/website.kommev.de\/wp-content\/uploads\/00123456.jpg 360w\" sizes=\"auto, (max-width: 480px) 150px\" src=\"https:\/\/website.kommev.de\/wp-content\/uploads\/00123456-1024x1024.jpg\" alt=\"\" class=\"uag-image-2099\" width=\"368\" height=\"460\" title=\"00123456\" loading=\"lazy\" role=\"img\"\/><\/figure><\/div>\n\n\n\n<div class=\"wp-block-uagb-info-box uagb-block-ywlfpcio uagb-infobox__content-wrap  uagb-infobox-icon-above-title uagb-infobox-image-valign-top wp-block-uagb-info-box--has-margin\"><div class=\"uagb-infobox-margin-wrapper\"><div class=\"uagb-ifb-content\"><div class=\"uagb-ifb-title-wrap\"><p class=\"uagb-ifb-title\"><strong>Ilia Janjalashvili <\/strong><br>Stellvertretende Pflegedienstleitung <\/p><\/div><p class=\"uagb-ifb-desc\">Tel.: 0176 &#8211; 110 456 70 <br>E-Mail: i.janjalashvili@kommev.de<\/p><\/div><\/div><\/div>\n<\/div>\n\n\n\n<div class=\"wp-block-uagb-container uagb-block-mnpsxlci\">\n<div class=\"wp-block-uagb-image alignleft uagb-block-oioxeeou wp-block-uagb-image--layout-default wp-block-uagb-image--effect-static wp-block-uagb-image--align-left\"><figure class=\"wp-block-uagb-image__figure\"><img decoding=\"async\" srcset=\"https:\/\/website.kommev.de\/wp-content\/uploads\/11-1024x1024.png ,https:\/\/website.kommev.de\/wp-content\/uploads\/11.png 780w, https:\/\/website.kommev.de\/wp-content\/uploads\/11.png 360w\" sizes=\"auto, (max-width: 480px) 150px\" src=\"https:\/\/website.kommev.de\/wp-content\/uploads\/11-1024x1024.png\" alt=\"\" class=\"uag-image-1778\" width=\"368\" height=\"460\" title=\"11\" loading=\"lazy\" role=\"img\"\/><\/figure><\/div>\n\n\n\n<div class=\"wp-block-uagb-info-box uagb-block-7syokgmt uagb-infobox__content-wrap  uagb-infobox-icon-above-title uagb-infobox-image-valign-top wp-block-uagb-info-box--has-margin\"><div class=\"uagb-infobox-margin-wrapper\"><div class=\"uagb-ifb-content\"><div class=\"uagb-ifb-title-wrap\"><p class=\"uagb-ifb-title\"><strong>Antje Bochmann <\/strong><br>Teamleitung <\/p><\/div><p class=\"uagb-ifb-desc\">Tel.: 0176 \u2013 19 51 95 18<br>E-Mail: a.bochmann@kommev.de<\/p><\/div><\/div><\/div>\n<\/div>\n<\/div>\n<\/div><\/div>\n\n\n\n<div data-aos= \"fade-right\" data-aos-duration=\"400\" data-aos-delay=\"0\" data-aos-easing=\"ease\" data-aos-once=\"true\" class=\"wp-block-uagb-container uagb-layout-grid uagb-block-quvsacpa alignfull uagb-is-root-container\"><div class=\"uagb-container-inner-blocks-wrap\">\n<div class=\"wp-block-uagb-buttons uagb-buttons__outer-wrap uagb-btn__default-btn uagb-btn-tablet__default-btn uagb-btn-mobile__default-btn uagb-block-eggytiyn\"><div class=\"uagb-buttons__wrap uagb-buttons-layout-wrap \">\n<div data-aos= \"fade-left\" data-aos-duration=\"400\" data-aos-delay=\"0\" data-aos-easing=\"ease\" data-aos-once=\"true\" class=\"wp-block-uagb-buttons-child uagb-buttons__outer-wrap uagb-block-a53ahdcu wp-block-button\"><div class=\"uagb-button__wrapper\"><a class=\"uagb-buttons-repeater wp-block-button__link\" aria-label=\"\" href=\"https:\/\/website.kommev.de\/?page_id=1960 \" rel=\"follow noopener\" target=\"_self\" role=\"button\"><div class=\"uagb-button__link\">Jetzt Erstgespr\u00e4ch vereinbaren<\/div><\/a><\/div><\/div>\n<\/div><\/div>\n<\/div><\/div>\n\n\n\n<p><\/p>\n","protected":false},"excerpt":{"rendered":"","protected":false},"author":6,"featured_media":0,"parent":0,"menu_order":0,"comment_status":"closed","ping_status":"closed","template":"","meta":{"_uag_custom_page_level_css":"","footnotes":""},"class_list":["post-1862","page","type-page","status-publish","hentry"],"blocksy_meta":{"has_hero_section":"disabled","styles_descriptor":{"styles":{"desktop":"","tablet":"","mobile":""},"google_fonts":[],"version":6}},"uagb_featured_image_src":{"full":false,"thumbnail":false,"medium":false,"medium_large":false,"large":false,"1536x1536":false,"2048x2048":false},"uagb_author_info":{"display_name":"Marcel K\u00f6nig","author_link":"https:\/\/website.kommev.de\/?author=6"},"uagb_comment_info":0,"uagb_excerpt":null,"_links":{"self":[{"href":"https:\/\/website.kommev.de\/index.php?rest_route=\/wp\/v2\/pages\/1862","targetHints":{"allow":["GET"]}}],"collection":[{"href":"https:\/\/website.kommev.de\/index.php?rest_route=\/wp\/v2\/pages"}],"about":[{"href":"https:\/\/website.kommev.de\/index.php?rest_route=\/wp\/v2\/types\/page"}],"author":[{"embeddable":true,"href":"https:\/\/website.kommev.de\/index.php?rest_route=\/wp\/v2\/users\/6"}],"replies":[{"embeddable":true,"href":"https:\/\/website.kommev.de\/index.php?rest_route=%2Fwp%2Fv2%2Fcomments&post=1862"}],"version-history":[{"count":31,"href":"https:\/\/website.kommev.de\/index.php?rest_route=\/wp\/v2\/pages\/1862\/revisions"}],"predecessor-version":[{"id":2102,"href":"https:\/\/website.kommev.de\/index.php?rest_route=\/wp\/v2\/pages\/1862\/revisions\/2102"}],"wp:attachment":[{"href":"https:\/\/website.kommev.de\/index.php?rest_route=%2Fwp%2Fv2%2Fmedia&parent=1862"}],"curies":[{"name":"wp","href":"https:\/\/api.w.org\/{rel}","templated":true}]}}