{"id":1639,"date":"2025-07-23T21:21:20","date_gmt":"2025-07-23T20:21:20","guid":{"rendered":"https:\/\/website.kommev.de\/?page_id=1639"},"modified":"2025-07-23T21:26:41","modified_gmt":"2025-07-23T20:26:41","slug":"weghier-jugendfreizeit","status":"publish","type":"page","link":"https:\/\/website.kommev.de\/?page_id=1639","title":{"rendered":"Weghier! Jugendfreizeit"},"content":{"rendered":"<div class=\"gb-grid-wrapper gb-grid-wrapper-ba9e07b5\">\n<div class=\"gb-grid-column gb-grid-column-28ac3179\"><div class=\"gb-container gb-container-28ac3179\">\n\n<figure class=\"wp-block-image size-large\"><img loading=\"lazy\" decoding=\"async\" width=\"1024\" height=\"576\" src=\"https:\/\/website.kommev.de\/wp-content\/uploads\/5-2-1024x576.jpg\" alt=\"\" class=\"wp-image-1642\" srcset=\"https:\/\/website.kommev.de\/wp-content\/uploads\/5-2-1024x576.jpg 1024w, https:\/\/website.kommev.de\/wp-content\/uploads\/5-2-450x253.jpg 450w, https:\/\/website.kommev.de\/wp-content\/uploads\/5-2-768x432.jpg 768w, https:\/\/website.kommev.de\/wp-content\/uploads\/5-2-1536x864.jpg 1536w, https:\/\/website.kommev.de\/wp-content\/uploads\/5-2.jpg 1920w\" sizes=\"auto, (max-width: 1024px) 100vw, 1024px\" \/><\/figure>\n\n<\/div><\/div>\n\n<div class=\"gb-grid-column gb-grid-column-09c2b9de\"><div class=\"gb-container gb-container-09c2b9de\">\n\n<figure class=\"wp-block-image size-large\"><img loading=\"lazy\" decoding=\"async\" width=\"1920\" height=\"1080\" src=\"https:\/\/website.kommev.de\/wp-content\/uploads\/6-1024x576.jpg\" alt=\"\" class=\"wp-image-1643\" srcset=\"https:\/\/website.kommev.de\/wp-content\/uploads\/6-1024x576.jpg 1024w, https:\/\/website.kommev.de\/wp-content\/uploads\/6-450x253.jpg 450w, https:\/\/website.kommev.de\/wp-content\/uploads\/6-768x432.jpg 768w, https:\/\/website.kommev.de\/wp-content\/uploads\/6-1536x864.jpg 1536w, https:\/\/website.kommev.de\/wp-content\/uploads\/6.jpg 1920w\" sizes=\"auto, (max-width: 1920px) 100vw, 1920px\" \/><\/figure>\n\n<\/div><\/div>\n<\/div>\n\n\n<div class=\"wp-block-uagb-advanced-heading uagb-block-0f349248\"><h2 class=\"uagb-heading-text\">\u201eWeg hier!\u201c \u2013 Jugendliche gestalten ihre eigene Freizeit in die Niederlande<\/h2><\/div>\n\n\n\n<p>Seit den Wintermonaten ist bei uns jede Menge passiert: Unter dem Titel&nbsp;<strong>\u201eWeg hier!\u201c<\/strong>&nbsp;hat sich eine Gruppe Jugendlicher im Alter von 14 bis 27 Jahren zusammengefunden, um etwas ganz Besonderes auf die Beine zu stellen: eine selbst gestaltete Jugendfreizeit in die Niederlande.<\/p>\n\n\n\n<p>In mehreren Treffen und begleiteten Veranstaltungen haben die Jugendlichen in den vergangenen Monaten nicht nur von einer Reise getr\u00e4umt, sondern sie Schritt f\u00fcr Schritt selbst entwickelt.&nbsp;Von der Zimmerverteilung \u00fcber das Freizeitprogramm bis hin zur Auswahl der Mahlzeiten&nbsp;wurde alles gemeinsam geplant. Dabei ging es nicht nur um Organisation, sondern auch um die Frage:&nbsp;<em>Wie wollen wir als Gruppe unterwegs sein? Was ist uns wichtig, damit sich alle wohlf\u00fchlen?<\/em><\/p>\n\n\n\n<p>Am&nbsp;28. Juli ist es endlich soweit: Die Gruppe bricht auf und verbringt bis zum&nbsp;1. August&nbsp;eine unvergessliche Zeit in den Niederlanden. Als besonderes Highlight steht auch ein&nbsp;Tagesausflug nach Amsterdam&nbsp;auf dem Programm.<\/p>\n\n\n\n<p><br>\u201eWeg hier!\u201c ist mehr als nur eine Reise \u2013 es ist ein Projekt, das Jugendlichen Raum gibt, ihre eigenen Ideen einzubringen und Verantwortung zu \u00fcbernehmen. Gemeinsam wurden&nbsp;Programmpunkte entwickelt, Spiele und Ausfl\u00fcge diskutiert und auch dar\u00fcber gesprochen, wie Konflikte gel\u00f6st werden k\u00f6nnen, falls unterwegs mal etwas nicht so l\u00e4uft wie geplant.<\/p>\n\n\n\n<p><br>Die Freizeit findet in Kooperation mit dem&nbsp;Jugendrotkreuz Frankfurt&nbsp;statt, das mit seiner langj\u00e4hrigen Erfahrung in der Jugendarbeit ein wichtiger Partner ist. M\u00f6glich gemacht wird das Ganze durch das&nbsp;vom Hessischen Sozialministerium gef\u00f6rderte Projekt<strong>&nbsp;\u201eWeg hier!\u201c<\/strong>. Au\u00dferdem danken wir dem&nbsp;Jugendbildungswerk der Stadt Frankfurt, das die Finanzierung der Jugendfreizeit \u00fcbernommen hat. <\/p>\n\n\n\n<p><\/p>\n","protected":false},"excerpt":{"rendered":"<p>\u201eWeg hier!\u201c \u2013 Jugendliche gestalten ihre eigene Freizeit in die Niederlande Seit den Wintermonaten ist bei uns jede Menge passiert: Unter dem Titel&nbsp;\u201eWeg hier!\u201c&nbsp;hat sich eine Gruppe Jugendlicher im Alter von 14 bis 27 Jahren zusammengefunden, um etwas ganz Besonderes auf die Beine zu stellen: eine selbst gestaltete Jugendfreizeit in die Niederlande. In mehreren Treffen [&hellip;]<\/p>\n","protected":false},"author":6,"featured_media":0,"parent":0,"menu_order":0,"comment_status":"closed","ping_status":"closed","template":"","meta":{"_uag_custom_page_level_css":"","footnotes":""},"class_list":["post-1639","page","type-page","status-publish","hentry"],"blocksy_meta":{"has_hero_section":"disabled","styles_descriptor":{"styles":{"desktop":"","tablet":"","mobile":""},"google_fonts":[],"version":6}},"uagb_featured_image_src":{"full":false,"thumbnail":false,"medium":false,"medium_large":false,"large":false,"1536x1536":false,"2048x2048":false},"uagb_author_info":{"display_name":"Marcel K\u00f6nig","author_link":"https:\/\/website.kommev.de\/?author=6"},"uagb_comment_info":0,"uagb_excerpt":"\u201eWeg hier!\u201c \u2013 Jugendliche gestalten ihre eigene Freizeit in die Niederlande Seit den Wintermonaten ist bei uns jede Menge passiert: Unter dem Titel&nbsp;\u201eWeg hier!\u201c&nbsp;hat sich eine Gruppe Jugendlicher im Alter von 14 bis 27 Jahren zusammengefunden, um etwas ganz Besonderes auf die Beine zu stellen: eine selbst gestaltete Jugendfreizeit in die Niederlande. In mehreren Treffen&hellip;","_links":{"self":[{"href":"https:\/\/website.kommev.de\/index.php?rest_route=\/wp\/v2\/pages\/1639","targetHints":{"allow":["GET"]}}],"collection":[{"href":"https:\/\/website.kommev.de\/index.php?rest_route=\/wp\/v2\/pages"}],"about":[{"href":"https:\/\/website.kommev.de\/index.php?rest_route=\/wp\/v2\/types\/page"}],"author":[{"embeddable":true,"href":"https:\/\/website.kommev.de\/index.php?rest_route=\/wp\/v2\/users\/6"}],"replies":[{"embeddable":true,"href":"https:\/\/website.kommev.de\/index.php?rest_route=%2Fwp%2Fv2%2Fcomments&post=1639"}],"version-history":[{"count":8,"href":"https:\/\/website.kommev.de\/index.php?rest_route=\/wp\/v2\/pages\/1639\/revisions"}],"predecessor-version":[{"id":1670,"href":"https:\/\/website.kommev.de\/index.php?rest_route=\/wp\/v2\/pages\/1639\/revisions\/1670"}],"wp:attachment":[{"href":"https:\/\/website.kommev.de\/index.php?rest_route=%2Fwp%2Fv2%2Fmedia&parent=1639"}],"curies":[{"name":"wp","href":"https:\/\/api.w.org\/{rel}","templated":true}]}}