{"id":15,"date":"2022-02-02T17:28:26","date_gmt":"2022-02-02T14:28:26","guid":{"rendered":"https:\/\/komm.suprd.com\/?page_id=15"},"modified":"2024-04-19T09:00:00","modified_gmt":"2024-04-19T08:00:00","slug":"pflege-und-assistenz","status":"publish","type":"page","link":"https:\/\/website.kommev.de\/?page_id=15","title":{"rendered":"Teilhabe und Pflege"},"content":{"rendered":"<div class=\"gb-container gb-container-d6a0aeda\"><div class=\"gb-inside-container\">\n\n<h2 class=\"gb-headline gb-headline-a451d227 gb-headline-text maintitle\">Teilhabe und Pflege<\/h2>\n\n\n\n<p>Im Rahmen unserer Angebote bieten wir neben Pflege, Betreuung, Hauswirtschaft auch Unterst\u00fctzung bei der Tagesgestaltung an und decken somit Ihren individuellen Bedarf.<\/p>\n\n\n\n<p>Wir leisten Pflege, Assistenz, Betreuung und Hauswirtschaft mit festen Teams, die in Wechselschicht arbeiten \u2013 alles aus einer Hand!<\/p>\n\n\n\n<p>KOMM e.V. ist Vertragspartner aller Kranken\u00adkassen und Pflegekassen.                       Wir arbeiten mit Sozialhilfetr\u00e4gern und privaten Versicherungen zusammen.<\/p>\n\n\n\n<div style=\"height:50px\" aria-hidden=\"true\" class=\"wp-block-spacer\"><\/div>\n\n\n<div class=\"gb-container gb-container-1cff9524\"><div class=\"gb-inside-container\">\n\n<h3 class=\"gb-headline gb-headline-8e860dd5 gb-headline-text\">Pflege, Betreuung und Hauswirtschaft<\/h3>\n\n\n\n<p>Unsere Hilfen umfassen:<\/p>\n\n\n\n<ul class=\"wp-block-list\">\n<li>Hilfen bei der K\u00f6rperpflege<\/li>\n\n\n\n<li>Hilfen bei der Mobilit\u00e4t<\/li>\n\n\n\n<li>Hilfen bei der Ern\u00e4hrung<\/li>\n\n\n\n<li>Hilfen in der Hauswirtschaft<\/li>\n<\/ul>\n\n\n\n<p>Wir stellen Ihnen die Hilfen zur Verf\u00fcgung, die Sie in Ihrer aktuellen Lebenssituation ben\u00f6tigen. Unsere besondere Auf\u00admerksamkeit liegt auf der F\u00f6rderung, dem Erhalt und der Wiedergewinnung Ihrer F\u00e4higkeiten. Zu Beginn informieren wir<br>Sie ausf\u00fchrlich und pers\u00f6nlich \u00fcber unser Angebot und entwickeln gemeinsam mit Ihnen einen Pflege- und Hilfeplan.<\/p>\n\n\n<div class=\"lightweight-accordion has-background\"><details><summary class=\"lightweight-accordion-title\" style=\"background:var(--theme-palette-color-8, #ffffff);\"><span>Leistungen der Pflegeversicherung<\/span><\/summary><div class=\"lightweight-accordion-body\" style=\"border-color:var(--theme-palette-color-8, #ffffff);\">\n\n<figure class=\"wp-block-image size-full\"><img loading=\"lazy\" decoding=\"async\" width=\"460\" height=\"294\" src=\"https:\/\/website.kommev.de\/wp-content\/uploads\/sz_2014_lh_01.jpg\" alt=\"\" class=\"wp-image-1083\" srcset=\"https:\/\/website.kommev.de\/wp-content\/uploads\/sz_2014_lh_01.jpg 460w, https:\/\/website.kommev.de\/wp-content\/uploads\/sz_2014_lh_01-450x288.jpg 450w\" sizes=\"auto, (max-width: 460px) 100vw, 460px\" \/><\/figure>\n\n\n\n<ul class=\"wp-block-list\">\n<li><strong>Pflegeberatungsbesuche nach \u00a7 37<\/strong><\/li>\n\n\n\n<li><strong>H\u00e4usliche Schulung:<\/strong><br>Wir kommen zu Ihnen nach Hause und unterst\u00fctzen Sie durch konkrete und praktische Tipps und Hilfestellungen zur Erleichterung Ihrer h\u00e4uslichen Pflege. Diese Schulung ist kostenlos, muss aber vorher bei der Pflegekasse beantragt werden<\/li>\n\n\n\n<li><strong>Zus\u00e4tzliche Betreuungs- bzw. Entlastungsleistungen nach \u00a7 45:&nbsp;<br><\/strong>Wir entwickeln mit Ihnen und\/oder Ihren Angeh\u00f6rigen ein individuelles Angebot, Beispielsweise: Begleitung au\u00dfer Haus, Pr\u00e4senzzeiten\/Anwesenheitszeiten, Freizeitgestaltung oder F\u00f6rderung der Alltagskompetenzen<\/li>\n\n\n\n<li><strong>Verhinderungspflege nach \u00a7 39:<br><\/strong>Wir \u00fcbernehmen alle notwendigen Hilfen bei zeitweisem Wegfall Ihrer privaten Pfleger\/innen oder Ihrer Angeh\u00f6rigen<\/li>\n<\/ul>\n\n\n\n<p>Wir leisten auch stundenweise Verhinderungspflege. Wir kommen bei Bedarf auch kurzfristig, wenn die Pflegenden Termine wahrzunehmen haben. Stundenweise Verhinderungspflege kann bei der Pflegekasse beantragt werden, das Pflegegeld wird nicht gek\u00fcrzt.<\/p>\n\n<\/div><\/details><\/div>\n\n<div class=\"lightweight-accordion has-background\"><details><summary class=\"lightweight-accordion-title\" style=\"background:var(--theme-palette-color-8, #ffffff);\"><span>Leistungen der Krankenversicherung<\/span><\/summary><div class=\"lightweight-accordion-body\" style=\"border-color:var(--theme-palette-color-8, #ffffff);\">\n\n<figure class=\"wp-block-image size-full\"><img loading=\"lazy\" decoding=\"async\" width=\"460\" height=\"296\" src=\"https:\/\/website.kommev.de\/wp-content\/uploads\/fotolia_63289983_s.jpg\" alt=\"\" class=\"wp-image-1070\" srcset=\"https:\/\/website.kommev.de\/wp-content\/uploads\/fotolia_63289983_s.jpg 460w, https:\/\/website.kommev.de\/wp-content\/uploads\/fotolia_63289983_s-450x290.jpg 450w\" sizes=\"auto, (max-width: 460px) 100vw, 460px\" \/><\/figure>\n\n\n\n<p>Wir erbringen \u00e4rztlich verordnete Leistungen wie:<\/p>\n\n\n\n<ul class=\"wp-block-list\">\n<li>Medikamente richten und\/oder verabreichen<\/li>\n\n\n\n<li>Kompressionsverb\u00e4nde und -str\u00fcmpfe anlegen bzw. anziehen<\/li>\n\n\n\n<li>Moderne Wundversorgung<\/li>\n\n\n\n<li>Injektionen und Infusionen<\/li>\n\n\n\n<li>Versorgung von Zug\u00e4ngen aller Art <\/li>\n\n\n\n<li>Versorgung von harnableitenden Systemen<\/li>\n<\/ul>\n\n\n\n<p><br>Die Kosten dieser Leistungen werden nach Bewilligung von der Krankenkasse \u00fcbernommen.<\/p>\n\n<\/div><\/details><\/div>\n\n<div class=\"lightweight-accordion has-background\"><details><summary class=\"lightweight-accordion-title\" style=\"background:var(--theme-palette-color-8, #ffffff);\"><span>Betreuung <\/span><\/summary><div class=\"lightweight-accordion-body\" style=\"border-color:var(--theme-palette-color-8, #ffffff);\">\n\n<figure class=\"wp-block-image size-full\"><img loading=\"lazy\" decoding=\"async\" width=\"460\" height=\"296\" src=\"https:\/\/website.kommev.de\/wp-content\/uploads\/istock_000013598559small.jpg\" alt=\"\" class=\"wp-image-1069\" srcset=\"https:\/\/website.kommev.de\/wp-content\/uploads\/istock_000013598559small.jpg 460w, https:\/\/website.kommev.de\/wp-content\/uploads\/istock_000013598559small-450x290.jpg 450w\" sizes=\"auto, (max-width: 460px) 100vw, 460px\" \/><\/figure>\n\n\n\n<p>Unabh\u00e4ngig von pflegerischen Hilfen bieten wir Ihnen zur Unterst\u00fctzung im Alltag und in der Freizeit ein breites Hilfeangebot:<\/p>\n\n\n\n<ul class=\"wp-block-list\">\n<li>Begleitung zu Terminen au\u00dferhalb der Wohnung<\/li>\n\n\n\n<li>Begleitung bei Arztbesuchen, Spazierg\u00e4ngen und Freizeitaktivit\u00e4ten<\/li>\n\n\n\n<li>Gespr\u00e4che und Freizeitgestaltung<\/li>\n\n\n\n<li>Tagesstrukturierende Ma\u00dfnahmen<\/li>\n<\/ul>\n\n<\/div><\/details><\/div>\n\n<div class=\"lightweight-accordion has-background\"><details><summary class=\"lightweight-accordion-title\" style=\"background:var(--theme-palette-color-8, #ffffff);\"><span>Serviceleistungen<\/span><\/summary><div class=\"lightweight-accordion-body\" style=\"border-color:var(--theme-palette-color-8, #ffffff);\">\n\n<p>Unser Angebot:<\/p>\n\n\n\n<ul class=\"wp-block-list\">\n<li>Korrespondenz mit \u00c4rzten<\/li>\n\n\n\n<li>Bestellung und Besorgung von Rezepten, Hilfsmitteln und Medikamenten<\/li>\n<\/ul>\n\n<\/div><\/details><\/div>\n\n<div class=\"lightweight-accordion has-background\"><details><summary class=\"lightweight-accordion-title\" style=\"background:var(--theme-palette-color-8, #ffffff);\"><span>Hauswirtschaft<\/span><\/summary><div class=\"lightweight-accordion-body\" style=\"border-color:var(--theme-palette-color-8, #ffffff);\">\n\n<p>Hauswirtschaftliche Leistungen (wir bieten keinen Grundreinigung an):<\/p>\n\n\n\n<ul class=\"wp-block-list\">\n<li>W\u00e4sche waschen und trocknen<\/li>\n\n\n\n<li>Staubsaugen und B\u00f6den wischen<\/li>\n\n\n\n<li>K\u00fcche und Badezimmer reinigen<\/li>\n\n\n\n<li>Betten machen<\/li>\n\n\n\n<li>Eink\u00e4ufe<\/li>\n<\/ul>\n\n<\/div><\/details><\/div>\n\n<div class=\"lightweight-accordion has-background\"><details><summary class=\"lightweight-accordion-title\" style=\"background:var(--theme-palette-color-8, #ffffff);\"><span>Nachttour<\/span><\/summary><div class=\"lightweight-accordion-body\" style=\"border-color:var(--theme-palette-color-8, #ffffff);\">\n\n<figure class=\"wp-block-image size-full\"><img loading=\"lazy\" decoding=\"async\" width=\"460\" height=\"296\" src=\"https:\/\/website.kommev.de\/wp-content\/uploads\/komm_01_sozialstation_nachttour.jpg\" alt=\"\" class=\"wp-image-1097\" srcset=\"https:\/\/website.kommev.de\/wp-content\/uploads\/komm_01_sozialstation_nachttour.jpg 460w, https:\/\/website.kommev.de\/wp-content\/uploads\/komm_01_sozialstation_nachttour-450x290.jpg 450w\" sizes=\"auto, (max-width: 460px) 100vw, 460px\" \/><\/figure>\n\n\n\n<p>Wir orientieren uns an den pers\u00f6nlichen Bed\u00fcrfnissen unserer Kunden und bieten auch nachts flexibel unsere Leistungen an.<\/p>\n\n\n\n<p>Unsere Einsatzzeiten: Von <strong>21 Uhr<\/strong> am Abend bis <strong>6 Uhr<\/strong> morgens.              Einzugsgebiet ist die Stadt Frankfurt.<\/p>\n\n\n\n<p><strong>Unsere Hilfen richten sich nach dem Bedarf der Menschen und umfassen:<\/strong><\/p>\n\n\n\n<ul class=\"wp-block-list\">\n<li>Hilfen beim Zubettgehen<\/li>\n\n\n\n<li>Lagerung<\/li>\n\n\n\n<li>Toiletteng\u00e4nge<\/li>\n\n\n\n<li>Anreichen von Getr\u00e4nken<\/li>\n\n\n\n<li>Sicherheitsbesuche bei unruhigen oder \u00e4ngstlichen Menschen<\/li>\n<\/ul>\n\n<\/div><\/details><\/div>\n<\/div><\/div>\n\n\n<div style=\"height:50px\" aria-hidden=\"true\" class=\"wp-block-spacer\"><\/div>\n\n\n<div class=\"gb-container gb-container-5ad953bb\"><div class=\"gb-inside-container\">\n\n<h3 class=\"gb-headline gb-headline-310c0bdb gb-headline-text\">Assistenz in allen Bereichen<\/h3>\n\n\n\n<p>Wir haben ein breites Angebot um Menschen mit Behinderung<br>in ihrer eigenst\u00e4ndigen Lebensf\u00fchrung zu unterst\u00fctzen. Unsere Hil\u00adfen umfassen:<\/p>\n\n\n\n<ul class=\"wp-block-list\">\n<li>alle pflegerischen Hilfen<\/li>\n\n\n\n<li>die \u00dcbernahme von Leistungen der<br>Behandlungspflege<\/li>\n\n\n\n<li>Hilfen in der kompletten Hauswirtschaft<\/li>\n\n\n\n<li>Individuelle Assistenzleistungen (z.B. Arbeit, Bildung, Elternsein, Freizeit, Reisen, Kommunikation)<\/li>\n<\/ul>\n\n\n\n<p>Ob nur ein mehrst\u00fcndiger Bedarf oder auch Rund-um-die Uhr &#8211; unsere Einsatzzeiten richten sich nach Ihrem pers\u00f6nlichen Bedarf! Unsere Mitarbeiter*innen werden nicht leistungsbezogen eingesetzt, sondern verbringen einen abgesprochen Zeitraum bei Ihnen und erledigen nach Absprache alle anfallenden Hilfen.<\/p>\n\n\n<div class=\"lightweight-accordion has-background\"><details><summary class=\"lightweight-accordion-title\" style=\"background:var(--theme-palette-color-8, #ffffff);\"><span>Assistenz zur sozialen Teilhabe (Assistenz zur Teilhabe am Leben in der Gemeinschaft)<\/span><\/summary><div class=\"lightweight-accordion-body\" style=\"border-color:var(--theme-palette-color-8, #ffffff);\">\n\n<p>Tagesstrukturierung, Assistenz zur selbstbestimmten und eigenst\u00e4ndigen Bew\u00e4ltigung des Alltags, Begleitung, Assistenz zur F\u00f6rderung der Verst\u00e4ndigung, Begleitung<\/p>\n\n<\/div><\/details><\/div>\n\n<div class=\"lightweight-accordion has-background\"><details><summary class=\"lightweight-accordion-title\" style=\"background:var(--theme-palette-color-8, #ffffff);\"><span>Arbeits- und Hochschulassistenz<\/span><\/summary><div class=\"lightweight-accordion-body\" style=\"border-color:var(--theme-palette-color-8, #ffffff);\">\n\n<p><strong>Im Rahmen der Hochschulassistenz bieten wir:<\/strong><br>Unterst\u00fctzung w\u00e4hrend Vorlesungen (Pr\u00e4senzlehre oder Online-Meeting)<br>Aufsuchen der Hochschulbibliothek<br>In Absprache regelm\u00e4\u00dfiger Austausch mit Dozent*innen und Behindertenbeauftragten der Hochschule<br>Unterst\u00fctzung bei sonstigen T\u00e4tigkeiten, z.B. dem Ausf\u00fcllen von Antr\u00e4gen<\/p>\n\n\n\n<p><strong>Im Rahmen der Arbeitsassistenz bieten wir:<\/strong><br>Unterst\u00fctzung am Arbeitsplatz<br>Begleitung zum und vom Arbeitsplatz sowie zu Terminen \/ Meetings und Veranstaltungen<br>\u00dcbernahme einfacher Schreibarbeiten<\/p>\n\n\n\n<p><\/p>\n\n<\/div><\/details><\/div>\n\n<div class=\"lightweight-accordion has-background\"><details><summary class=\"lightweight-accordion-title\" style=\"background:var(--theme-palette-color-8, #ffffff);\"><span>Elternassistenz<\/span><\/summary><div class=\"lightweight-accordion-body\" style=\"border-color:var(--theme-palette-color-8, #ffffff);\">\n\n<p>Jungen Eltern mit k\u00f6rperlichen Einschr\u00e4nkungen bieten wir Unterst\u00fctzung bei der Pflege und Versorgung ihrer KInder.<\/p>\n\n<\/div><\/details><\/div>\n<\/div><\/div>\n<\/div><\/div>","protected":false},"excerpt":{"rendered":"<p>Teilhabe und Pflege Im Rahmen unserer Angebote bieten wir neben Pflege, Betreuung, Hauswirtschaft auch Unterst\u00fctzung bei der Tagesgestaltung an und decken somit Ihren individuellen Bedarf. Wir leisten Pflege, Assistenz, Betreuung und Hauswirtschaft mit festen Teams, die in Wechselschicht arbeiten \u2013 alles aus einer Hand! KOMM e.V. ist Vertragspartner aller Kranken\u00adkassen und Pflegekassen. Wir arbeiten mit [&hellip;]<\/p>\n","protected":false},"author":4,"featured_media":0,"parent":0,"menu_order":0,"comment_status":"closed","ping_status":"closed","template":"","meta":{"_uag_custom_page_level_css":"","footnotes":""},"class_list":["post-15","page","type-page","status-publish","hentry"],"blocksy_meta":{"styles_descriptor":{"styles":{"desktop":"","tablet":"","mobile":""},"google_fonts":[],"version":6},"page_title_panel":"","has_hero_section":"disabled","3bc079f21d7ef6c53a5b1d51197afab3":"","hero_section":"type-1","hero_elements":[{"id":"custom_title","enabled":true,"heading_tag":"h1","title":"Home"},{"id":"custom_description","enabled":true,"description_visibility":{"desktop":true,"tablet":true,"mobile":false}},{"id":"custom_meta","enabled":false,"meta_elements":[{"id":"author","enabled":true,"label":"By","has_author_avatar":"yes","avatar_size":25},{"id":"post_date","enabled":true,"label":"On","date_format_source":"default","date_format":"M j, Y"},{"id":"updated_date","enabled":false,"label":"On","date_format_source":"default","date_format":"M j, Y"},{"id":"categories","enabled":false,"label":"In","style":"simple"},{"id":"comments","enabled":true}],"page_meta_elements":{"joined":true,"articles_count":true,"comments":true}},{"id":"breadcrumbs","enabled":false}],"9cf84103b8c272ccfa3775f2c51d3047":"","hero_alignment1":"CT_CSS_SKIP_RULE","hero_margin":40,"hero_alignment2":"center","hero_vertical_alignment":"center","d0f8efdbad043c7f8aa180553c48f278":"","hero_structure":"narrow","125427dbf1b01b0d5ba0b41defa2c0ba":"","page_title_bg_type":"featured_image","custom_hero_background":{"attachment_id":null},"parallax":{"desktop":false,"tablet":false,"mobile":false},"751b00484bc3bb60ed55d5a5f576cfb6":"","hero_height":"250px","pageTitleFont":{"family":"Default","variation":"Default","size":"30px","line-height":"CT_CSS_SKIP_RULE","letter-spacing":"CT_CSS_SKIP_RULE","text-transform":"CT_CSS_SKIP_RULE","text-decoration":"CT_CSS_SKIP_RULE"},"pageTitleFontColor":{"default":{"color":"CT_CSS_SKIP_RULEDEFAULT"}},"pageMetaFont":{"family":"Default","variation":"n6","size":"12px","line-height":"1.3","letter-spacing":"CT_CSS_SKIP_RULE","text-transform":"uppercase","text-decoration":"CT_CSS_SKIP_RULE"},"pageMetaFontColor":{"default":{"color":"CT_CSS_SKIP_RULEDEFAULT"},"hover":{"color":"CT_CSS_SKIP_RULEDEFAULT"}},"page_meta_button_type_font_colors":{"default":{"color":"CT_CSS_SKIP_RULEDEFAULT"},"hover":{"color":"CT_CSS_SKIP_RULEDEFAULT"}},"page_meta_button_type_background_colors":{"default":{"color":"CT_CSS_SKIP_RULEDEFAULT"},"hover":{"color":"CT_CSS_SKIP_RULEDEFAULT"}},"pageExcerptFont":{"family":"Default","variation":"Default","size":"CT_CSS_SKIP_RULE","line-height":"CT_CSS_SKIP_RULE","letter-spacing":"CT_CSS_SKIP_RULE","text-transform":"CT_CSS_SKIP_RULE","text-decoration":"CT_CSS_SKIP_RULE"},"pageExcerptColor":{"default":{"color":"CT_CSS_SKIP_RULEDEFAULT"}},"breadcrumbsFont":{"family":"Default","variation":"Default","size":"CT_CSS_SKIP_RULE","line-height":"CT_CSS_SKIP_RULE","letter-spacing":"CT_CSS_SKIP_RULE","text-transform":"CT_CSS_SKIP_RULE","text-decoration":"CT_CSS_SKIP_RULE"},"breadcrumbsFontColor":{"default":{"color":"CT_CSS_SKIP_RULEDEFAULT"},"initial":{"color":"CT_CSS_SKIP_RULEDEFAULT"},"hover":{"color":"CT_CSS_SKIP_RULEDEFAULT"}},"pageTitleOverlay":{"background_type":"color","background_pattern":"type-1","background_image":{"attachment_id":null,"x":0,"y":0},"gradient":"linear-gradient(135deg,rgba(6,147,227,1) 0%,rgb(155,81,224) 100%)","background_repeat":"repeat","background_size":"auto","background_attachment":"scroll","patternColor":{"default":{"color":"#e5e7ea"}},"overlayColor":{"default":{"color":"CT_CSS_SKIP_RULE"}},"backgroundColor":{"default":{"color":"CT_CSS_SKIP_RULE"}}},"pageTitleBackground":{"background_type":"color","background_pattern":"type-1","background_image":{"attachment_id":null,"x":0,"y":0},"gradient":"linear-gradient(135deg,rgba(6,147,227,1) 0%,rgb(155,81,224) 100%)","background_repeat":"repeat","background_size":"auto","background_attachment":"scroll","patternColor":{"default":{"color":"#e5e7ea"}},"overlayColor":{"default":{"color":"CT_CSS_SKIP_RULE"}},"backgroundColor":{"default":{"color":"var(--theme-palette-color-6)"}}},"pageTitlePadding":{"top":"50px","bottom":"50px","left":"auto","right":"auto","linked":true},"c6c63fd3335d7dd602974fde6feb74ee":"","page_structure_type":"type-1","d4c3687edab7e551093a68e8e4a4e135":"","content_style_source":"inherit","content_style":"wide","vertical_spacing_source":"inherit","content_area_spacing":"both","background":{"background_type":"color","background_pattern":"type-1","background_image":{"attachment_id":null,"x":0,"y":0},"gradient":"linear-gradient(135deg,rgba(6,147,227,1) 0%,rgb(155,81,224) 100%)","background_repeat":"repeat","background_size":"auto","background_attachment":"scroll","patternColor":{"default":{"color":"#e5e7ea"}},"overlayColor":{"default":{"color":"CT_CSS_SKIP_RULE"}},"backgroundColor":{"default":{"color":"CT_CSS_SKIP_RULE"}}},"content_background":{"background_type":"color","background_pattern":"type-1","background_image":{"attachment_id":null,"x":0,"y":0},"gradient":"linear-gradient(135deg,rgba(6,147,227,1) 0%,rgb(155,81,224) 100%)","background_repeat":"repeat","background_size":"auto","background_attachment":"scroll","patternColor":{"default":{"color":"#e5e7ea"}},"overlayColor":{"default":{"color":"CT_CSS_SKIP_RULE"}},"backgroundColor":{"default":{"color":"var(--theme-palette-color-8)"}}},"content_boxed_shadow":{"inherit":false,"blur":18,"spread":-6,"v_offset":12,"h_offset":0,"inset":false,"enable":true,"color":{"color":"rgba(34, 56, 101, 0.04)"}},"boxed_content_spacing":{"desktop":{"top":"40px","bottom":"40px","left":"40px","right":"40px","linked":true},"tablet":{"top":"35px","bottom":"35px","left":"35px","right":"35px","linked":true},"mobile":{"top":"20px","bottom":"20px","left":"20px","right":"20px","linked":true}},"content_boxed_radius":{"top":"3px","bottom":"3px","left":"3px","right":"3px","linked":true},"19ea2bae1f692c582260fa24b33a6567":"","disable_featured_image":"no","disable_share_box":"no","disable_header":"no","disable_footer":"no"},"uagb_featured_image_src":{"full":false,"thumbnail":false,"medium":false,"medium_large":false,"large":false,"1536x1536":false,"2048x2048":false},"uagb_author_info":{"display_name":"WP-Admin-01","author_link":"https:\/\/website.kommev.de\/?author=4"},"uagb_comment_info":0,"uagb_excerpt":"Teilhabe und Pflege Im Rahmen unserer Angebote bieten wir neben Pflege, Betreuung, Hauswirtschaft auch Unterst\u00fctzung bei der Tagesgestaltung an und decken somit Ihren individuellen Bedarf. Wir leisten Pflege, Assistenz, Betreuung und Hauswirtschaft mit festen Teams, die in Wechselschicht arbeiten \u2013 alles aus einer Hand! KOMM e.V. ist Vertragspartner aller Kranken\u00adkassen und Pflegekassen. Wir arbeiten mit&hellip;","_links":{"self":[{"href":"https:\/\/website.kommev.de\/index.php?rest_route=\/wp\/v2\/pages\/15","targetHints":{"allow":["GET"]}}],"collection":[{"href":"https:\/\/website.kommev.de\/index.php?rest_route=\/wp\/v2\/pages"}],"about":[{"href":"https:\/\/website.kommev.de\/index.php?rest_route=\/wp\/v2\/types\/page"}],"author":[{"embeddable":true,"href":"https:\/\/website.kommev.de\/index.php?rest_route=\/wp\/v2\/users\/4"}],"replies":[{"embeddable":true,"href":"https:\/\/website.kommev.de\/index.php?rest_route=%2Fwp%2Fv2%2Fcomments&post=15"}],"version-history":[{"count":23,"href":"https:\/\/website.kommev.de\/index.php?rest_route=\/wp\/v2\/pages\/15\/revisions"}],"predecessor-version":[{"id":1693,"href":"https:\/\/website.kommev.de\/index.php?rest_route=\/wp\/v2\/pages\/15\/revisions\/1693"}],"wp:attachment":[{"href":"https:\/\/website.kommev.de\/index.php?rest_route=%2Fwp%2Fv2%2Fmedia&parent=15"}],"curies":[{"name":"wp","href":"https:\/\/api.w.org\/{rel}","templated":true}]}}