{"id":1330,"date":"2025-06-08T23:30:32","date_gmt":"2025-06-08T22:30:32","guid":{"rendered":"https:\/\/website.kommev.de\/?page_id=1330"},"modified":"2025-11-29T21:42:31","modified_gmt":"2025-11-29T20:42:31","slug":"zugehende-psychosoziale-beratung-und-begleitung-fuer-aeltere-menschen-mit-psychischen-auffaelligkeiten-gegen-vereinsamung-und-ihre-folgen","status":"publish","type":"page","link":"https:\/\/website.kommev.de\/?page_id=1330","title":{"rendered":"Projekt: W\u00fcrde im Alter"},"content":{"rendered":"\n<p><\/p>\n\n\n\n<div data-aos= \"fade-right\" data-aos-duration=\"400\" data-aos-delay=\"0\" data-aos-easing=\"ease\" data-aos-once=\"true\" class=\"wp-block-uagb-container uagb-block-zgnwtgoa alignfull uagb-is-root-container\"><div class=\"uagb-container-inner-blocks-wrap\">\n<div class=\"wp-block-uagb-image alignleft uagb-block-h7xve9uu wp-block-uagb-image--layout-default wp-block-uagb-image--effect-static wp-block-uagb-image--align-left\"><figure class=\"wp-block-uagb-image__figure\"><img decoding=\"async\" srcset=\"https:\/\/website.kommev.de\/wp-content\/uploads\/Alter-1024x1024.jpg ,https:\/\/website.kommev.de\/wp-content\/uploads\/Alter.jpg 780w, https:\/\/website.kommev.de\/wp-content\/uploads\/Alter.jpg 360w\" sizes=\"auto, (max-width: 480px) 150px\" src=\"https:\/\/website.kommev.de\/wp-content\/uploads\/Alter-1024x1024.jpg\" alt=\"\" class=\"uag-image-1475\" width=\"600\" height=\"500\" title=\"TIGER-MODELLPROJEKT: Erich-K\u00e4stner-Schule - 7\" loading=\"lazy\" role=\"img\"\/><\/figure><\/div>\n\n\n\n<div class=\"wp-block-uagb-container uagb-block-viv1oj0x\">\n<div class=\"wp-block-uagb-info-box uagb-block-3x8davew uagb-infobox__content-wrap  uagb-infobox-icon-above-title uagb-infobox-image-valign-top\"><div class=\"uagb-ifb-content\"><div class=\"uagb-ifb-title-wrap\"><p class=\"uagb-ifb-title-prefix\">TEILHABE IM HOHEN ALTER! <\/p><h1 class=\"uagb-ifb-title\">Projekt W\u00fcrde im Alter! <\/h1><\/div><p class=\"uagb-ifb-desc\">Im Rahmen des Frankfurter Programms \u201eW\u00fcrde im Alter\u201c begleiten wir \u00e4ltere Menschen mit psychischen, kognitiven und h\u00e4ufig auch k\u00f6rperlichen Beeintr\u00e4chtigungen direkt in ihrem gewohnten Lebensumfeld. Unser Ziel ist es, dazu beizutragen, dass sie m\u00f6glichst lange selbstbestimmt, sicher und w\u00fcrdevoll zu Hause leben k\u00f6nnen.<br><br>Wir arbeiten niedrigschwellig, zugehend und ressourcenorientiert. Im Mittelpunkt steht dabei immer der Mensch mit seiner Lebensgeschichte, seinen Herausforderungen und seiner W\u00fcrde. Ziel ist die Verbesserung der Lebenssituation und der Lebensqualit\u00e4t auch durch den Erhalt der Autonomie.<\/p><\/div><\/div>\n\n\n\n<div class=\"wp-block-uagb-buttons uagb-buttons__outer-wrap uagb-btn__default-btn uagb-btn-tablet__default-btn uagb-btn-mobile__default-btn uagb-block-6tdj10i8\"><div class=\"uagb-buttons__wrap uagb-buttons-layout-wrap \">\n<div class=\"wp-block-uagb-buttons-child uagb-buttons__outer-wrap uagb-block-f81cc546 wp-block-button\"><div class=\"uagb-button__wrapper\"><a class=\"uagb-buttons-repeater wp-block-button__link\" aria-label=\"\" href=\"#\" rel=\"follow noopener\" target=\"_self\" role=\"button\"><div class=\"uagb-button__link\">Jetzt Erstgespr\u00e4ch vereinbaren<\/div><\/a><\/div><\/div>\n<\/div><\/div>\n<\/div>\n<\/div><\/div>\n\n\n\n<div data-aos= \"fade-right\" data-aos-duration=\"400\" data-aos-delay=\"0\" data-aos-easing=\"ease\" data-aos-once=\"true\" class=\"wp-block-uagb-container uagb-block-9rvtwln0 default uagb-is-root-container\"><div class=\"uagb-container__shape uagb-container__shape-bottom uagb-container__invert\" data-negative=\"false\"><svg xmlns=\"https:\/\/www.w3.org\/2000\/svg\" viewBox=\"0 0 283.5 19.6\" preserveAspectRatio=\"none\"><path class=\"uagb-container__shape-fill\" opacity=\"0.33\" d=\"M0 0L0 18.8 141.8 4.1 283.5 18.8 283.5 0z\"><\/path><path class=\"uagb-container__shape-fill\" opacity=\"0.33\" d=\"M0 0L0 12.6 141.8 4 283.5 12.6 283.5 0z\"><\/path><path class=\"uagb-container__shape-fill\" opacity=\"0.33\" d=\"M0 0L0 6.4 141.8 4 283.5 6.4 283.5 0z\"><\/path><path class=\"uagb-container__shape-fill\" d=\"M0 0L0 1.2 141.8 4 283.5 1.2 283.5 0z\"><\/path><\/svg><\/div>\n<div data-aos= \"fade-up\" data-aos-duration=\"400\" data-aos-delay=\"0\" data-aos-easing=\"ease\" data-aos-once=\"true\" class=\"wp-block-uagb-info-box uagb-block-yatxpvub uagb-infobox__content-wrap  uagb-infobox-icon-above-title uagb-infobox-image-valign-top\"><div class=\"uagb-ifb-content\"><div class=\"uagb-ifb-title-wrap\"><p class=\"uagb-ifb-title-prefix\"><strong>Ein Angebot im Rahmen des Frankfurter Programms \u201eW\u00fcrde im Alter\u201c<\/strong><\/p><h2 class=\"uagb-ifb-title\"><strong>Zugehende psychosoziale Beratung und Begleitung f\u00fcr \u00e4ltere Menschen mit psychischen Auff\u00e4lligkeiten gegen Vereinsamung und ihre Folgen<\/strong><\/h2><\/div><\/div><\/div>\n\n\n\n<div class=\"wp-block-uagb-container uagb-block-hq9plwow\">\n<div data-aos= \"fade-left\" data-aos-duration=\"400\" data-aos-delay=\"0\" data-aos-easing=\"ease\" data-aos-once=\"true\" class=\"wp-block-uagb-info-box uagb-block-tnswflil uagb-infobox__content-wrap  uagb-infobox-icon-left-title uagb-infobox-left uagb-infobox-image-valign-top\"><div class=\"uagb-ifb-content\"><div class=\"uagb-ifb-left-title-image\"><div class=\"uagb-ifb-title-wrap\"><h3 class=\"uagb-ifb-title\">Wer zu uns kommt: <\/h3><\/div><\/div><p class=\"uagb-ifb-desc\">Unsere Klient:innen sind zwischen 60 und 100 Jahre alt und leben in den nordwestlichen Stadtteilen&nbsp;&nbsp;Frankfurts. Viele von ihnen befinden sich in einer krisenhaften Lebenslage \u2013 etwa nach dem Verlust eines Partners, dem Verlust sozialer Rollen und sozialer Sicherung, bei Vereinsamung, psychischer \u00dcberforderung oder fehlender Unterst\u00fctzung im Alltag. Andauernde \u00dcberforderungssituationen, unbew\u00e4ltigte Lebensthemen und fehlende Copingstrategien f\u00fchren daher h\u00e4ufig zu krisenhaften Situationen gepaart mit Angst, Verlassenheitsgef\u00fchlen, Hilflosigkeit und Verzweiflung sowie Suizidgedanken.&nbsp;<br><br>Was sie verbindet: Sie ben\u00f6tigen Unterst\u00fctzung, um sich und ihre Lebenssituation zu stabilisieren \u2013 und sie scheuen sich h\u00e4ufig, diese Hilfe anzunehmen oder f\u00fcr sich aktiv einzufordern.<\/p><div class=\"uagb-ifb-separator\"><\/div><\/div><\/div>\n\n\n\n<div data-aos= \"fade-left\" data-aos-duration=\"400\" data-aos-delay=\"0\" data-aos-easing=\"ease\" data-aos-once=\"true\" class=\"wp-block-uagb-info-box uagb-block-gbcpcctw uagb-infobox__content-wrap  uagb-infobox-icon-left-title uagb-infobox-left uagb-infobox-image-valign-top\"><div class=\"uagb-ifb-content\"><div class=\"uagb-ifb-left-title-image\"><div class=\"uagb-ifb-title-wrap\"><h3 class=\"uagb-ifb-title\">Unsere Unterst\u00fctzung<\/h3><\/div><\/div><p class=\"uagb-ifb-desc\">Wir verstehen uns als&nbsp;<strong>Vertrauenspersonen, Wegbegleiter:innen und als T\u00fcr\u00f6ffner<\/strong>. Ein wertsch\u00e4tzender Kontakt auf Augenh\u00f6he ist f\u00fcr uns die Basis jeder Hilfe. Erst wenn Vertrauen gewachsen ist, k\u00f6nnen wir gemeinsam Perspektiven entwickeln und dabei helfen, Zugang&nbsp;zu bestehenden Hilfesystemen zu finden. Eine mehrdimensionale Arbeitsweise beinhaltet Alltagsbezug, Beziehungsarbeit und Biografiearbeit.<br><br>Unsere Arbeit umfasst unter anderem: <br>&#8211; Unterst\u00fctzung bei der&nbsp;<strong>Alltagsbew\u00e4ltigung<\/strong>&nbsp;(z.\u202fB. beim Schriftverkehr, bei der Organisation von Hilfen)<br>&#8211; Beratung bei drohendem Wohnungsverlust oder finanziellen Problemen<br>&#8211; Information und Unterst\u00fctzung bei der&nbsp;<strong>Beantragung von Leistungen<\/strong>&nbsp;(Pflegegrad, Wohngeld, Grundsicherung etc.)<br>&#8211; F\u00f6rderung sozialer Kontakte und&nbsp;<strong>Abbau von Isolation, Erm\u00f6glichung von Teilhabe<\/strong><br>&#8211; St\u00e4rkung psychischer Ressourcen und Entwicklung von Bew\u00e4ltigungsstrategien<br>&#8211; Beratung in Krisensituationen und Krisenintervention<br>Begleitung bei Alter(n), Sterben und Tod<\/p><div class=\"uagb-ifb-separator\"><\/div><\/div><\/div>\n\n\n\n<div data-aos= \"fade-left\" data-aos-duration=\"400\" data-aos-delay=\"0\" data-aos-easing=\"ease\" data-aos-once=\"true\" class=\"wp-block-uagb-info-box uagb-block-n0zab5l0 uagb-infobox__content-wrap  uagb-infobox-icon-left-title uagb-infobox-left uagb-infobox-image-valign-top\"><div class=\"uagb-ifb-content\"><div class=\"uagb-ifb-left-title-image\"><div class=\"uagb-ifb-title-wrap\"><h3 class=\"uagb-ifb-title\">Theraphiegarten in Ginnheim <\/h3><\/div><\/div><p class=\"uagb-ifb-desc\">Ein besonderes Angebot ist unser&nbsp;<strong>begleiteter Therapiegarten<\/strong>&nbsp;im Stadtteil Ginnheim. Hier k\u00f6nnen sich \u00e4ltere Menschen in gesch\u00fctzter Atmosph\u00e4re begegnen, ins Gespr\u00e4ch kommen \u2013 oder einfach nur in der Natur sein. Wer m\u00f6chte, darf mitg\u00e4rtnern; wer lieber beobachtet, ist ebenso willkommen. Der Garten schafft R\u00e4ume f\u00fcr Begegnung, Gespr\u00e4che, Bewegung und Zuversicht.<\/p><div class=\"uagb-ifb-separator\"><\/div><\/div><\/div>\n\n\n\n<div data-aos= \"fade-left\" data-aos-duration=\"400\" data-aos-delay=\"0\" data-aos-easing=\"ease\" data-aos-once=\"true\" class=\"wp-block-uagb-info-box uagb-block-6d4107e5 uagb-infobox__content-wrap  uagb-infobox-icon-left-title uagb-infobox-left uagb-infobox-image-valign-top\"><div class=\"uagb-ifb-content\"><div class=\"uagb-ifb-left-title-image\"><div class=\"uagb-ifb-title-wrap\"><h3 class=\"uagb-ifb-title\">Zugangswege  <\/h3><\/div><\/div><p class=\"uagb-ifb-desc\">Der Kontakt zu uns erfolgt oft \u00fcber Sozialrath\u00e4user, \u00c4rzt:innen, Nachbar:innen, gesetzliche Betreuer:innen oder die Gerontopsychiatrie. Auch Betroffene selbst oder Angeh\u00f6rige k\u00f6nnen sich direkt an uns wenden.<\/p><div class=\"uagb-ifb-separator\"><\/div><\/div><\/div>\n\n\n\n<p><\/p>\n<\/div>\n<\/div>\n\n\n\n<p><\/p>\n\n\n\n<div data-aos= \"fade-right\" data-aos-duration=\"400\" data-aos-delay=\"0\" data-aos-easing=\"ease\" data-aos-once=\"true\" class=\"wp-block-uagb-container uagb-block-vcpejydq alignfull uagb-is-root-container\"><div class=\"uagb-container-inner-blocks-wrap\">\n<div class=\"wp-block-uagb-info-box uagb-block-prfdwxni uagb-infobox__content-wrap  uagb-infobox-icon-above-title uagb-infobox-image-valign-top\"><div class=\"uagb-ifb-content\"><div class=\"uagb-ifb-title-wrap\"><h2 class=\"uagb-ifb-title\">Ansprechpersonen<\/h2><\/div><\/div><\/div>\n\n\n\n<div class=\"wp-block-uagb-container uagb-block-ldthfzmv\">\n<div class=\"wp-block-uagb-container uagb-block-5jybzxb4\">\n<div class=\"wp-block-uagb-image alignleft uagb-block-serqjdcn wp-block-uagb-image--layout-default wp-block-uagb-image--effect-static wp-block-uagb-image--align-left\"><figure class=\"wp-block-uagb-image__figure\"><img decoding=\"async\" srcset=\"https:\/\/website.kommev.de\/wp-content\/uploads\/110000.jpg ,https:\/\/website.kommev.de\/wp-content\/uploads\/110000.jpg 780w, https:\/\/website.kommev.de\/wp-content\/uploads\/110000.jpg 360w\" sizes=\"auto, (max-width: 480px) 150px\" src=\"https:\/\/website.kommev.de\/wp-content\/uploads\/110000.jpg\" alt=\"\" class=\"uag-image-1741\" width=\"368\" height=\"460\" title=\"Design ohne Titel - 6\" loading=\"lazy\" role=\"img\"\/><\/figure><\/div>\n\n\n\n<div class=\"wp-block-uagb-info-box uagb-block-5jubpqm4 uagb-infobox__content-wrap  uagb-infobox-icon-above-title uagb-infobox-image-valign-top wp-block-uagb-info-box--has-margin\"><div class=\"uagb-infobox-margin-wrapper\"><div class=\"uagb-ifb-content\"><div class=\"uagb-ifb-title-wrap\"><p class=\"uagb-ifb-title\"><strong><strong>Dagmar Raff <\/strong><br><\/strong>Leitung WiA <br>Telefon: 069 \/ 95 14 75 \u2013 0 oder \u2013 26<br>E-Mail: projekt@kommev.de&nbsp;<\/p><\/div><\/div><\/div><\/div>\n<\/div>\n<\/div>\n<\/div><\/div>\n\n\n\n<p><\/p>\n","protected":false},"excerpt":{"rendered":"","protected":false},"author":6,"featured_media":0,"parent":0,"menu_order":0,"comment_status":"closed","ping_status":"closed","template":"","meta":{"_uag_custom_page_level_css":"","footnotes":""},"class_list":["post-1330","page","type-page","status-publish","hentry"],"blocksy_meta":{"has_hero_section":"disabled","styles_descriptor":{"styles":{"desktop":"","tablet":"","mobile":""},"google_fonts":[],"version":6}},"uagb_featured_image_src":{"full":false,"thumbnail":false,"medium":false,"medium_large":false,"large":false,"1536x1536":false,"2048x2048":false},"uagb_author_info":{"display_name":"Marcel K\u00f6nig","author_link":"https:\/\/website.kommev.de\/?author=6"},"uagb_comment_info":0,"uagb_excerpt":null,"_links":{"self":[{"href":"https:\/\/website.kommev.de\/index.php?rest_route=\/wp\/v2\/pages\/1330","targetHints":{"allow":["GET"]}}],"collection":[{"href":"https:\/\/website.kommev.de\/index.php?rest_route=\/wp\/v2\/pages"}],"about":[{"href":"https:\/\/website.kommev.de\/index.php?rest_route=\/wp\/v2\/types\/page"}],"author":[{"embeddable":true,"href":"https:\/\/website.kommev.de\/index.php?rest_route=\/wp\/v2\/users\/6"}],"replies":[{"embeddable":true,"href":"https:\/\/website.kommev.de\/index.php?rest_route=%2Fwp%2Fv2%2Fcomments&post=1330"}],"version-history":[{"count":12,"href":"https:\/\/website.kommev.de\/index.php?rest_route=\/wp\/v2\/pages\/1330\/revisions"}],"predecessor-version":[{"id":1972,"href":"https:\/\/website.kommev.de\/index.php?rest_route=\/wp\/v2\/pages\/1330\/revisions\/1972"}],"wp:attachment":[{"href":"https:\/\/website.kommev.de\/index.php?rest_route=%2Fwp%2Fv2%2Fmedia&parent=1330"}],"curies":[{"name":"wp","href":"https:\/\/api.w.org\/{rel}","templated":true}]}}